{"id":1316,"date":"2017-10-16T04:10:26","date_gmt":"2017-10-16T04:10:26","guid":{"rendered":"http:\/\/ninzio.com\/logistix\/?page_id=1316"},"modified":"2022-03-01T14:49:33","modified_gmt":"2022-03-01T14:49:33","slug":"a-propos-de-nous","status":"publish","type":"page","link":"https:\/\/www.louxeirabv.com\/fr\/entreprise\/a-propos-de-nous\/","title":{"rendered":"\u00c0 propos de nous"},"content":{"rendered":"<p>[vc_row css_animation=\u00a0\u00bbnone\u00a0\u00bb img_halfrow=\u00a0\u00bbyes\u00a0\u00bb halfrow_image=\u00a0\u00bb5983&Prime; img_columns=\u00a0\u00bb6columns\u00a0\u00bb img_position=\u00a0\u00bbimgright\u00a0\u00bb content_placement=\u00a0\u00bbmiddle\u00a0\u00bb css=\u00a0\u00bb.vc_custom_1597849679013{background-color: #e5e5e5 !important;background-position: center !important;background-repeat: no-repeat !important;background-size: cover !important;}\u00a0\u00bb][vc_column]\r\n\t<div class=\"logistix-spacer clearfix\" data-desktop=\"40\" data-mobi=\"40\" data-smobi=\"40\"><\/div>[vc_row_inner][vc_column_inner width=\u00a0\u00bb1\/2&Prime;]\r\n\t<div class=\"logistix-spacer clearfix\" data-desktop=\"50\" data-mobi=\"10\" data-smobi=\"10\"><\/div>[vc_custom_heading text=\u00a0\u00bb\u00c0 propos de nous\u00a0\u00bb font_container=\u00a0\u00bbtag:h2|font_size:40|text_align:left\u00a0\u00bb google_fonts=\u00a0\u00bbfont_family:Alegreya%3Aregular%2Citalic%2C700%2C700italic%2C900%2C900italic|font_style:400%20regular%3A400%3Anormal\u00a0\u00bb][vc_column_text]<\/p>\n<p style=\"font-size: 16px; line-height: 28px;\">Louxeira BV est une entreprise familiale d\u00e9di\u00e9e \u00e0 l&rsquo;extraction, la production et la commercialisation de l&rsquo;ardoise naturelle.<\/p>\n<p style=\"font-size: 16px; line-height: 28px;\">Depuis nos origines, nous nous sommes fermement engag\u00e9s dans la recherche de l&rsquo;excellence, alliant les valeurs traditionnelles aux derni\u00e8res innovations. L&rsquo;\u00e9volution continue, l&rsquo;engagement incontestable envers la qualit\u00e9, le service et la pers\u00e9v\u00e9rance nous ont rendus dignes de la confiance de nos clients.<\/p>\n<p>[\/vc_column_text]\r\n\t<div class=\"logistix-spacer clearfix\" data-desktop=\"40\" data-mobi=\"40\" data-smobi=\"40\"><\/div>[\/vc_column_inner][vc_column_inner width=\u00a0\u00bb1\/2&Prime; css=\u00a0\u00bb.vc_custom_1595601186205{background-position: center !important;background-repeat: no-repeat !important;background-size: cover !important;}\u00a0\u00bb][\/vc_column_inner][\/vc_row_inner]\r\n\t<div class=\"logistix-spacer clearfix\" data-desktop=\"100\" data-mobi=\"50\" data-smobi=\"50\"><\/div>[\/vc_column][\/vc_row][vc_row][vc_column]\r\n\t<div class=\"logistix-spacer clearfix\" data-desktop=\"10\" data-mobi=\"10\" data-smobi=\"10\"><\/div>[\/vc_column][\/vc_row][vc_row css_animation=\u00a0\u00bbnone\u00a0\u00bb img_halfrow=\u00a0\u00bbyes\u00a0\u00bb halfrow_image=\u00a0\u00bb5752&Prime; img_columns=\u00a0\u00bb6columns\u00a0\u00bb img_position=\u00a0\u00bbimgleft\u00a0\u00bb content_placement=\u00a0\u00bbmiddle\u00a0\u00bb css=\u00a0\u00bb.vc_custom_1596102118130{background-color: #e5e5e5 !important;background-position: center !important;background-repeat: no-repeat !important;background-size: cover !important;}\u00a0\u00bb][vc_column][vc_row_inner][vc_column_inner width=\u00a0\u00bb1\/2&Prime;][\/vc_column_inner][vc_column_inner width=\u00a0\u00bb1\/2&Prime; css=\u00a0\u00bb.vc_custom_1595602577086{background-position: center !important;background-repeat: no-repeat !important;background-size: cover !important;}\u00a0\u00bb]\r\n\t<div class=\"logistix-spacer clearfix\" data-desktop=\"50\" data-mobi=\"10\" data-smobi=\"10\"><\/div>[vc_custom_heading text=\u00a0\u00bbNotre \u00e9quipe\u00a0\u00bb font_container=\u00a0\u00bbtag:h2|font_size:40|text_align:left\u00a0\u00bb google_fonts=\u00a0\u00bbfont_family:Alegreya%3Aregular%2Citalic%2C700%2C700italic%2C900%2C900italic|font_style:400%20regular%3A400%3Anormal\u00a0\u00bb][vc_column_text]<\/p>\n<p style=\"font-size: 16px; line-height: 28px;\">La qualit\u00e9 professionnelle et humaine de notre \u00e9quipe, avec des d\u00e9cennies d&rsquo;exp\u00e9rience dans le monde de l&rsquo;ardoise naturelle, fournit de mani\u00e8re transparente et professionnelle des solutions personnalis\u00e9es avec un service personnalis\u00e9, car nous savons \u00e0 quel point le support client est essentiel pour r\u00e9aliser le design dont ils ont r\u00eav\u00e9.<\/p>\n<p>[\/vc_column_text]\r\n\t<div class=\"logistix-spacer clearfix\" data-desktop=\"40\" data-mobi=\"40\" data-smobi=\"40\"><\/div>[\/vc_column_inner][\/vc_row_inner]\r\n\t<div class=\"logistix-spacer clearfix\" data-desktop=\"100\" data-mobi=\"50\" data-smobi=\"50\"><\/div>[\/vc_column][\/vc_row][vc_row][vc_column]\r\n\t<div class=\"logistix-spacer clearfix\" data-desktop=\"10\" data-mobi=\"10\" data-smobi=\"10\"><\/div>[\/vc_column][\/vc_row][vc_row css_animation=\u00a0\u00bbnone\u00a0\u00bb img_halfrow=\u00a0\u00bbyes\u00a0\u00bb halfrow_image=\u00a0\u00bb5678&Prime; img_columns=\u00a0\u00bb6columns\u00a0\u00bb img_position=\u00a0\u00bbimgright\u00a0\u00bb content_placement=\u00a0\u00bbmiddle\u00a0\u00bb css=\u00a0\u00bb.vc_custom_1595922206466{background-color: #e5e5e5 !important;background-position: center !important;background-repeat: no-repeat !important;background-size: cover !important;}\u00a0\u00bb][vc_column]\r\n\t<div class=\"logistix-spacer clearfix\" data-desktop=\"40\" data-mobi=\"40\" data-smobi=\"40\"><\/div>[vc_row_inner][vc_column_inner width=\u00a0\u00bb1\/2&Prime;]\r\n\t<div class=\"logistix-spacer clearfix\" data-desktop=\"50\" data-mobi=\"10\" data-smobi=\"10\"><\/div>[vc_custom_heading text=\u00a0\u00bbExpansion internationale\u00a0\u00bb font_container=\u00a0\u00bbtag:h2|font_size:40|text_align:left\u00a0\u00bb google_fonts=\u00a0\u00bbfont_family:Alegreya%3Aregular%2Citalic%2C700%2C700italic%2C900%2C900italic|font_style:400%20regular%3A400%3Anormal\u00a0\u00bb][vc_column_text]<\/p>\n<p style=\"font-size: 16px; line-height: 28px;\">Avec une croissance internationale constante, nos conseils sont aujourd&rsquo;hui pr\u00e9sents dans 17 pays. Utilis\u00e9 dans les constructions les plus anciennes ainsi que dans les conceptions architecturales les plus avant-gardistes.<\/p>\n<p>[\/vc_column_text]\r\n\t<div class=\"logistix-spacer clearfix\" data-desktop=\"40\" data-mobi=\"40\" data-smobi=\"40\"><\/div>[\/vc_column_inner][vc_column_inner width=\u00a0\u00bb1\/2&Prime; css=\u00a0\u00bb.vc_custom_1595603467671{background-position: center !important;background-repeat: no-repeat !important;background-size: cover !important;}\u00a0\u00bb][\/vc_column_inner][\/vc_row_inner]\r\n\t<div class=\"logistix-spacer clearfix\" data-desktop=\"100\" data-mobi=\"50\" data-smobi=\"50\"><\/div>[\/vc_column][\/vc_row][vc_row][vc_column]\r\n\t<div class=\"logistix-spacer clearfix\" data-desktop=\"10\" data-mobi=\"10\" data-smobi=\"10\"><\/div>[\/vc_column][\/vc_row][vc_row css_animation=\u00a0\u00bbnone\u00a0\u00bb img_halfrow=\u00a0\u00bbyes\u00a0\u00bb halfrow_image=\u00a0\u00bb5673&Prime; img_columns=\u00a0\u00bb6columns\u00a0\u00bb img_position=\u00a0\u00bbimgleft\u00a0\u00bb css=\u00a0\u00bb.vc_custom_1595920345204{background-color: #e5e5e5 !important;background-position: center !important;background-repeat: no-repeat !important;background-size: cover !important;}\u00a0\u00bb][vc_column]\r\n\t<div class=\"logistix-spacer clearfix\" data-desktop=\"40\" data-mobi=\"40\" data-smobi=\"40\"><\/div>[vc_row_inner][vc_column_inner width=\u00a0\u00bb1\/2&Prime;][\/vc_column_inner][vc_column_inner width=\u00a0\u00bb1\/2&Prime; css=\u00a0\u00bb.vc_custom_1595603225750{background-position: center !important;background-repeat: no-repeat !important;background-size: cover !important;}\u00a0\u00bb]\r\n\t<div class=\"logistix-spacer clearfix\" data-desktop=\"50\" data-mobi=\"10\" data-smobi=\"10\"><\/div>[vc_custom_heading text=\u00a0\u00bbEntreprise \u00e9co-responsable\u00a0\u00bb font_container=\u00a0\u00bbtag:h2|font_size:35|text_align:left\u00a0\u00bb google_fonts=\u00a0\u00bbfont_family:Alegreya%3Aregular%2Citalic%2C700%2C700italic%2C900%2C900italic|font_style:400%20regular%3A400%3Anormal\u00a0\u00bb][vc_column_text]<\/p>\n<p style=\"font-size: 16px; line-height: 28px;\">En tant qu&rsquo;entreprise \u00e9co-responsable, nos investissements continus dans les derni\u00e8res technologies nous permettent un processus de production plus \u00e9conome en \u00e9nergie, ainsi que dans la r\u00e9cup\u00e9ration de la biodiversit\u00e9 et de l&rsquo;environnement o\u00f9 se trouvent nos centres de production.<\/p>\n<p>[\/vc_column_text]\r\n\t<div class=\"logistix-spacer clearfix\" data-desktop=\"40\" data-mobi=\"40\" data-smobi=\"40\"><\/div><div class=\"button-wrap icon-right\" style=\"display:block; text-align:center;\"><a href=\"https:\/\/www.louxeirabv.com\/fr\/ardoise-naturelle\/avantages-de-lardoise\/durabilite-de-lardoise\/\" target=\"_self\" class=\"logistix-button big solid accent \" style=\"display:block; text-align:center;\">\r\n\t\t<span style=\"\">voir plus <\/span>\r\n\t<\/a><\/div>[\/vc_column_inner][\/vc_row_inner]\r\n\t<div class=\"logistix-spacer clearfix\" data-desktop=\"100\" data-mobi=\"50\" data-smobi=\"50\"><\/div>[\/vc_column][\/vc_row]<\/p>\n","protected":false},"excerpt":{"rendered":"<p>[vc_row css_animation=\u00a0\u00bbnone\u00a0\u00bb img_halfrow=\u00a0\u00bbyes\u00a0\u00bb halfrow_image=\u00a0\u00bb5983&Prime; img_columns=\u00a0\u00bb6columns\u00a0\u00bb img_position=\u00a0\u00bbimgright\u00a0\u00bb content_placement=\u00a0\u00bbmiddle\u00a0\u00bb css=\u00a0\u00bb.vc_custom_1597849679013{background-color: #e5e5e5 !important;background-position: center !important;background-repeat: no-repeat !important;background-size: cover !important;}\u00a0\u00bb][vc_column][vc_row_inner][vc_column_inner width=\u00a0\u00bb1\/2&Prime;][vc_custom_heading text=\u00a0\u00bb\u00c0 propos de nous\u00a0\u00bb font_container=\u00a0\u00bbtag:h2|font_size:40|text_align:left\u00a0\u00bb google_fonts=\u00a0\u00bbfont_family:Alegreya%3Aregular%2Citalic%2C700%2C700italic%2C900%2C900italic|font_style:400%20regular%3A400%3Anormal\u00a0\u00bb][vc_column_text] Louxeira BV est une entreprise familiale d\u00e9di\u00e9e \u00e0 l&rsquo;extraction, la production et la commercialisation de l&rsquo;ardoise naturelle. Depuis nos origines, nous nous sommes fermement engag\u00e9s dans&hellip;<\/p>\n","protected":false},"author":1,"featured_media":0,"parent":5121,"menu_order":0,"comment_status":"closed","ping_status":"closed","template":"","meta":[],"yoast_head":"<!-- This site is optimized with the Yoast SEO plugin v18.2 - https:\/\/yoast.com\/wordpress\/plugins\/seo\/ -->\n<title>\u00c0 propos de nous - Louxeira BV. Ardoise naturelle.<\/title>\n<meta name=\"description\" content=\"Entreprise familiale d\u00e9di\u00e9e \u00e0 l&#039;extraction, la production et la commercialisation de l&#039;ardoise naturelle, nos ardoises sont aujourd&#039;hui pr\u00e9sentes dans 17 pays.\" \/>\n<meta name=\"robots\" content=\"index, follow, max-snippet:-1, max-image-preview:large, max-video-preview:-1\" \/>\n<link rel=\"canonical\" href=\"https:\/\/www.louxeirabv.com\/fr\/entreprise\/a-propos-de-nous\/\" \/>\n<meta property=\"og:locale\" content=\"fr_FR\" \/>\n<meta property=\"og:type\" content=\"article\" \/>\n<meta property=\"og:title\" content=\"\u00c0 propos de nous - Louxeira BV. Ardoise naturelle.\" \/>\n<meta property=\"og:description\" content=\"Entreprise familiale d\u00e9di\u00e9e \u00e0 l&#039;extraction, la production et la commercialisation de l&#039;ardoise naturelle, nos ardoises sont aujourd&#039;hui pr\u00e9sentes dans 17 pays.\" \/>\n<meta property=\"og:url\" content=\"https:\/\/www.louxeirabv.com\/fr\/entreprise\/a-propos-de-nous\/\" \/>\n<meta property=\"og:site_name\" content=\"Louxeira BV. Ardoise naturelle.\" \/>\n<meta property=\"article:publisher\" content=\"https:\/\/www.facebook.com\/Louxeira-BV-112027697288444\" \/>\n<meta property=\"article:modified_time\" content=\"2022-03-01T14:49:33+00:00\" \/>\n<meta name=\"twitter:card\" content=\"summary_large_image\" \/>\n<meta name=\"twitter:label1\" content=\"Dur\u00e9e de lecture estim\u00e9e\" \/>\n\t<meta name=\"twitter:data1\" content=\"2 minutes\" \/>\n<script type=\"application\/ld+json\" class=\"yoast-schema-graph\">{\"@context\":\"https:\/\/schema.org\",\"@graph\":[{\"@type\":\"Organization\",\"@id\":\"https:\/\/www.louxeirabv.com\/fr\/#organization\",\"name\":\"Louxeira BV\",\"url\":\"https:\/\/www.louxeirabv.com\/fr\/\",\"sameAs\":[\"https:\/\/www.facebook.com\/Louxeira-BV-112027697288444\"],\"logo\":{\"@type\":\"ImageObject\",\"@id\":\"https:\/\/www.louxeirabv.com\/fr\/#logo\",\"inLanguage\":\"fr-FR\",\"url\":\"https:\/\/www.louxeirabv.com\/fr\/wp-content\/uploads\/2020\/07\/louxeira-BV.png\",\"contentUrl\":\"https:\/\/www.louxeirabv.com\/fr\/wp-content\/uploads\/2020\/07\/louxeira-BV.png\",\"width\":295,\"height\":62,\"caption\":\"Louxeira BV\"},\"image\":{\"@id\":\"https:\/\/www.louxeirabv.com\/fr\/#logo\"}},{\"@type\":\"WebSite\",\"@id\":\"https:\/\/www.louxeirabv.com\/fr\/#website\",\"url\":\"https:\/\/www.louxeirabv.com\/fr\/\",\"name\":\"Louxeira BV. Ardoise naturelle.\",\"description\":\"Louxeira BV est une entreprise familiale d&eacute;di&eacute;e &agrave; l'extraction, la production et la commercialisation de l'ardoise naturelle.\",\"publisher\":{\"@id\":\"https:\/\/www.louxeirabv.com\/fr\/#organization\"},\"potentialAction\":[{\"@type\":\"SearchAction\",\"target\":{\"@type\":\"EntryPoint\",\"urlTemplate\":\"https:\/\/www.louxeirabv.com\/fr\/?s={search_term_string}\"},\"query-input\":\"required name=search_term_string\"}],\"inLanguage\":\"fr-FR\"},{\"@type\":\"WebPage\",\"@id\":\"https:\/\/www.louxeirabv.com\/fr\/entreprise\/a-propos-de-nous\/#webpage\",\"url\":\"https:\/\/www.louxeirabv.com\/fr\/entreprise\/a-propos-de-nous\/\",\"name\":\"\u00c0 propos de nous - Louxeira BV. Ardoise naturelle.\",\"isPartOf\":{\"@id\":\"https:\/\/www.louxeirabv.com\/fr\/#website\"},\"datePublished\":\"2017-10-16T04:10:26+00:00\",\"dateModified\":\"2022-03-01T14:49:33+00:00\",\"description\":\"Entreprise familiale d\u00e9di\u00e9e \u00e0 l'extraction, la production et la commercialisation de l'ardoise naturelle, nos ardoises sont aujourd'hui pr\u00e9sentes dans 17 pays.\",\"breadcrumb\":{\"@id\":\"https:\/\/www.louxeirabv.com\/fr\/entreprise\/a-propos-de-nous\/#breadcrumb\"},\"inLanguage\":\"fr-FR\",\"potentialAction\":[{\"@type\":\"ReadAction\",\"target\":[\"https:\/\/www.louxeirabv.com\/fr\/entreprise\/a-propos-de-nous\/\"]}]},{\"@type\":\"BreadcrumbList\",\"@id\":\"https:\/\/www.louxeirabv.com\/fr\/entreprise\/a-propos-de-nous\/#breadcrumb\",\"itemListElement\":[{\"@type\":\"ListItem\",\"position\":1,\"name\":\"Portada\",\"item\":\"https:\/\/www.louxeirabv.com\/fr\/\"},{\"@type\":\"ListItem\",\"position\":2,\"name\":\"Entreprise\",\"item\":\"https:\/\/www.louxeirabv.com\/fr\/entreprise\/\"},{\"@type\":\"ListItem\",\"position\":3,\"name\":\"\u00c0 propos de nous\"}]}]}<\/script>\n<!-- \/ Yoast SEO plugin. -->","yoast_head_json":{"title":"\u00c0 propos de nous - Louxeira BV. Ardoise naturelle.","description":"Entreprise familiale d\u00e9di\u00e9e \u00e0 l'extraction, la production et la commercialisation de l'ardoise naturelle, nos ardoises sont aujourd'hui pr\u00e9sentes dans 17 pays.","robots":{"index":"index","follow":"follow","max-snippet":"max-snippet:-1","max-image-preview":"max-image-preview:large","max-video-preview":"max-video-preview:-1"},"canonical":"https:\/\/www.louxeirabv.com\/fr\/entreprise\/a-propos-de-nous\/","og_locale":"fr_FR","og_type":"article","og_title":"\u00c0 propos de nous - Louxeira BV. Ardoise naturelle.","og_description":"Entreprise familiale d\u00e9di\u00e9e \u00e0 l'extraction, la production et la commercialisation de l'ardoise naturelle, nos ardoises sont aujourd'hui pr\u00e9sentes dans 17 pays.","og_url":"https:\/\/www.louxeirabv.com\/fr\/entreprise\/a-propos-de-nous\/","og_site_name":"Louxeira BV. Ardoise naturelle.","article_publisher":"https:\/\/www.facebook.com\/Louxeira-BV-112027697288444","article_modified_time":"2022-03-01T14:49:33+00:00","twitter_card":"summary_large_image","twitter_misc":{"Dur\u00e9e de lecture estim\u00e9e":"2 minutes"},"schema":{"@context":"https:\/\/schema.org","@graph":[{"@type":"Organization","@id":"https:\/\/www.louxeirabv.com\/fr\/#organization","name":"Louxeira BV","url":"https:\/\/www.louxeirabv.com\/fr\/","sameAs":["https:\/\/www.facebook.com\/Louxeira-BV-112027697288444"],"logo":{"@type":"ImageObject","@id":"https:\/\/www.louxeirabv.com\/fr\/#logo","inLanguage":"fr-FR","url":"https:\/\/www.louxeirabv.com\/fr\/wp-content\/uploads\/2020\/07\/louxeira-BV.png","contentUrl":"https:\/\/www.louxeirabv.com\/fr\/wp-content\/uploads\/2020\/07\/louxeira-BV.png","width":295,"height":62,"caption":"Louxeira BV"},"image":{"@id":"https:\/\/www.louxeirabv.com\/fr\/#logo"}},{"@type":"WebSite","@id":"https:\/\/www.louxeirabv.com\/fr\/#website","url":"https:\/\/www.louxeirabv.com\/fr\/","name":"Louxeira BV. Ardoise naturelle.","description":"Louxeira BV est une entreprise familiale d&eacute;di&eacute;e &agrave; l'extraction, la production et la commercialisation de l'ardoise naturelle.","publisher":{"@id":"https:\/\/www.louxeirabv.com\/fr\/#organization"},"potentialAction":[{"@type":"SearchAction","target":{"@type":"EntryPoint","urlTemplate":"https:\/\/www.louxeirabv.com\/fr\/?s={search_term_string}"},"query-input":"required name=search_term_string"}],"inLanguage":"fr-FR"},{"@type":"WebPage","@id":"https:\/\/www.louxeirabv.com\/fr\/entreprise\/a-propos-de-nous\/#webpage","url":"https:\/\/www.louxeirabv.com\/fr\/entreprise\/a-propos-de-nous\/","name":"\u00c0 propos de nous - Louxeira BV. Ardoise naturelle.","isPartOf":{"@id":"https:\/\/www.louxeirabv.com\/fr\/#website"},"datePublished":"2017-10-16T04:10:26+00:00","dateModified":"2022-03-01T14:49:33+00:00","description":"Entreprise familiale d\u00e9di\u00e9e \u00e0 l'extraction, la production et la commercialisation de l'ardoise naturelle, nos ardoises sont aujourd'hui pr\u00e9sentes dans 17 pays.","breadcrumb":{"@id":"https:\/\/www.louxeirabv.com\/fr\/entreprise\/a-propos-de-nous\/#breadcrumb"},"inLanguage":"fr-FR","potentialAction":[{"@type":"ReadAction","target":["https:\/\/www.louxeirabv.com\/fr\/entreprise\/a-propos-de-nous\/"]}]},{"@type":"BreadcrumbList","@id":"https:\/\/www.louxeirabv.com\/fr\/entreprise\/a-propos-de-nous\/#breadcrumb","itemListElement":[{"@type":"ListItem","position":1,"name":"Portada","item":"https:\/\/www.louxeirabv.com\/fr\/"},{"@type":"ListItem","position":2,"name":"Entreprise","item":"https:\/\/www.louxeirabv.com\/fr\/entreprise\/"},{"@type":"ListItem","position":3,"name":"\u00c0 propos de nous"}]}]}},"_links":{"self":[{"href":"https:\/\/www.louxeirabv.com\/fr\/wp-json\/wp\/v2\/pages\/1316"}],"collection":[{"href":"https:\/\/www.louxeirabv.com\/fr\/wp-json\/wp\/v2\/pages"}],"about":[{"href":"https:\/\/www.louxeirabv.com\/fr\/wp-json\/wp\/v2\/types\/page"}],"author":[{"embeddable":true,"href":"https:\/\/www.louxeirabv.com\/fr\/wp-json\/wp\/v2\/users\/1"}],"replies":[{"embeddable":true,"href":"https:\/\/www.louxeirabv.com\/fr\/wp-json\/wp\/v2\/comments?post=1316"}],"version-history":[{"count":41,"href":"https:\/\/www.louxeirabv.com\/fr\/wp-json\/wp\/v2\/pages\/1316\/revisions"}],"predecessor-version":[{"id":6178,"href":"https:\/\/www.louxeirabv.com\/fr\/wp-json\/wp\/v2\/pages\/1316\/revisions\/6178"}],"up":[{"embeddable":true,"href":"https:\/\/www.louxeirabv.com\/fr\/wp-json\/wp\/v2\/pages\/5121"}],"wp:attachment":[{"href":"https:\/\/www.louxeirabv.com\/fr\/wp-json\/wp\/v2\/media?parent=1316"}],"curies":[{"name":"wp","href":"https:\/\/api.w.org\/{rel}","templated":true}]}}