{"id":244,"date":"2017-09-13T07:30:21","date_gmt":"2017-09-13T07:30:21","guid":{"rendered":"http:\/\/ninzio.com\/logistix\/?page_id=244"},"modified":"2022-03-01T14:51:01","modified_gmt":"2022-03-01T14:51:01","slug":"processus-productif","status":"publish","type":"page","link":"https:\/\/www.louxeirabv.com\/fr\/ardoise-naturelle\/processus-productif\/","title":{"rendered":"Processus productif"},"content":{"rendered":"<p>[vc_row css=\u00a0\u00bb.vc_custom_1593698788028{padding-top: 32px !important;}\u00a0\u00bb][vc_column width=\u00a0\u00bb1\/2&Prime;][vc_single_image image=\u00a0\u00bb5258&Prime; style=\u00a0\u00bbvc_box_shadow_border\u00a0\u00bb][\/vc_column][vc_column width=\u00a0\u00bb1\/2&Prime;][vc_text_separator title=\u00a0\u00bb<b>100% NATUREL ET DURABLE<\/b>\u00a0\u00bb color=\u00a0\u00bbmulled_wine\u00a0\u00bb style=\u00a0\u00bbshadow\u00a0\u00bb border_width=\u00a0\u00bb2&Prime;]\r\n\t<div class=\"logistix-spacer clearfix\" data-desktop=\"22\" data-mobi=\"22\" data-smobi=\"22\"><\/div>[vc_column_text]<\/p>\n<p style=\"text-align: justify;\"><span style=\"color: #000000;\">L&rsquo;ardoise est un mat\u00e9riau 100% naturel, durable et \u00e9cologique, qui a un faible impact environnemental non seulement de par sa composition p\u00e9trographique mais aussi parce que des moyens m\u00e9caniques et de l&rsquo;eau sont utilis\u00e9s pour son processus de transformation, son processus de production \u00e9tant exempt de tout produit chimique.<\/span><\/p>\n<p style=\"text-align: justify;\"><span style=\"color: #000000;\">En tant qu&rsquo;entreprise \u00e9co-responsable, nous investissons beaucoup dans les derni\u00e8res technologies qui permettent un processus de production plus \u00e9conome en \u00e9nergie, ainsi que dans la r\u00e9cup\u00e9ration de la biodiversit\u00e9 et de l&rsquo;environnement o\u00f9 se trouvent nos centres de production.<\/span><\/p>\n<p>[\/vc_column_text][\/vc_column][\/vc_row][vc_row css_animation=\u00a0\u00bbnone\u00a0\u00bb css=\u00a0\u00bb.vc_custom_1527514971923{background-position: 0 0 !important;background-repeat: no-repeat !important;}\u00a0\u00bb][vc_column]\r\n\t<div class=\"logistix-spacer clearfix\" data-desktop=\"60\" data-mobi=\"60\" data-smobi=\"60\"><\/div>[vc_custom_heading text=\u00a0\u00bbPROCESSUS D&rsquo;\u00c9LABORATION DE L&rsquo;ARDOISE\u00a0\u00bb font_container=\u00a0\u00bbtag:h1|text_align:center|color:%23000000&Prime; google_fonts=\u00a0\u00bbfont_family:Alegreya%3Aregular%2Citalic%2C700%2C700italic%2C900%2C900italic|font_style:400%20regular%3A400%3Anormal\u00a0\u00bb css=\u00a0\u00bb.vc_custom_1646044994708{margin-bottom: 0px !important;border-bottom-width: 0px !important;padding-bottom: 0px !important;}\u00a0\u00bb]<div class=\"logistix-content-box clearfix \" data-padding=\"\" data-mobipadding=\"\" data-margin=\"\" data-mobimargin=\"\">\r\n\t\t<div class=\"inner \" style=\"\">\r\n\t\t\t<div class=\"logistix-carousel-box arrow-dark arrow-center bullet-circle offset25 offset-v0 has-bullets has-arrows\" data-auto=\"true\" data-loop=\"false\" data-gap=\"0\" data-column=\"3\" data-column2=\"2\" data-column3=\"1\">\r\n        <div class=\"owl-carousel owl-theme\"><div class=\"logistix-image-box clearfix \" style=\"\">\r\n        <div class=\"item\">\r\n            <div class=\"inner  accent\" style=\"\">\r\n                <div class=\"thumb\" style=\"\"><img width=\"500\" height=\"302\" src=\"https:\/\/www.louxeirabv.com\/fr\/wp-content\/uploads\/2020\/07\/Extraccion-Pizarra.jpg\" class=\"attachment-logistix-rectangle size-logistix-rectangle\" alt=\"\" loading=\"lazy\" srcset=\"https:\/\/www.louxeirabv.com\/fr\/wp-content\/uploads\/2020\/07\/Extraccion-Pizarra.jpg 500w, https:\/\/www.louxeirabv.com\/fr\/wp-content\/uploads\/2020\/07\/Extraccion-Pizarra-300x181.jpg 300w, https:\/\/www.louxeirabv.com\/fr\/wp-content\/uploads\/2020\/07\/Extraccion-Pizarra-480x290.jpg 480w\" sizes=\"(max-width: 500px) 100vw, 500px\" \/><\/div>\r\n                <div class=\"text-wrap\" style=\"padding:30px 30px 30px;\">\r\n                     <h3 class=\"title style-1\" style=\"font-weight:400;color:#ffffff;font-size:22px;margin-bottom:13px;\">\r\n        <a target=\"_blank\" href=\"\"><span style=\"\">EXTRACTION<\/span><\/a>\r\n    <\/h3>  <div class=\"desc\" style=\"font-weight:400;color:#ffffff;margin-bottom:8px;\">Une fois que les \u00e9tudes g\u00e9ologiques et mini\u00e8res ont confirm\u00e9 l'ad\u00e9quation de la zone d'extraction \u00e0 la production d'ardoise, la roche est extraite \u00e0 l'aide de fil diamant\u00e9. Les blocs obtenus seront transport\u00e9s dans des camions jusqu'\u00e0 l'entrep\u00f4t de fabrication pour leur processus de transformation.<\/p>\n<p>La roche extraite invalide sera transport\u00e9e vers des d\u00e9p\u00f4ts de d\u00e9chets, qui seront r\u00e9cup\u00e9r\u00e9s une fois qu'ils ne seront plus utiles gr\u00e2ce \u00e0 l'utilisation de terres fertiles et \u00e0 la plantation des esp\u00e8ces d'arbres habituelles dans la r\u00e9gion.<\/div> \r\n                <\/div>\r\n            <\/div>\r\n        <\/div>\r\n    <\/div><div class=\"logistix-image-box clearfix \" style=\"\">\r\n        <div class=\"item\">\r\n            <div class=\"inner  dark-accent\" style=\"\">\r\n                <div class=\"thumb\" style=\"\"><img width=\"500\" height=\"302\" src=\"https:\/\/www.louxeirabv.com\/fr\/wp-content\/uploads\/2020\/07\/proceso-productivo-2.jpg\" class=\"attachment-logistix-rectangle size-logistix-rectangle\" alt=\"\" loading=\"lazy\" srcset=\"https:\/\/www.louxeirabv.com\/fr\/wp-content\/uploads\/2020\/07\/proceso-productivo-2.jpg 500w, https:\/\/www.louxeirabv.com\/fr\/wp-content\/uploads\/2020\/07\/proceso-productivo-2-300x181.jpg 300w, https:\/\/www.louxeirabv.com\/fr\/wp-content\/uploads\/2020\/07\/proceso-productivo-2-480x290.jpg 480w\" sizes=\"(max-width: 500px) 100vw, 500px\" \/><\/div>\r\n                <div class=\"text-wrap\" style=\"padding:30px 30px 132px;\">\r\n                     <h3 class=\"title style-1\" style=\"font-weight:400;color:#ffffff;font-size:22px;margin-bottom:13px;\">\r\n        <a target=\"_blank\" href=\"\"><span style=\"\">SCIAGE DE BLOCS<\/span><\/a>\r\n    <\/h3>  <div class=\"desc\" style=\"font-weight:400;color:#ffffff;margin-bottom:8px;\">Les gros blocs d'ardoise sont sci\u00e9s \u00e0 l'aide de disques diamant\u00e9s et d'eau, mati\u00e8re n\u00e9cessaire au refroidissement, en blocs selon les dimensions \u00e0 fabriquer.<\/p>\n<p>Au cours de ce processus, une s\u00e9lection sp\u00e9ciale est effectu\u00e9e, de sorte que seule la meilleure partie de la pierre extraite est convertie en blocs pour une sculpture ult\u00e9rieure.<\/div> \r\n                <\/div>\r\n            <\/div>\r\n        <\/div>\r\n    <\/div><div class=\"logistix-image-box clearfix \" style=\"\">\r\n        <div class=\"item\">\r\n            <div class=\"inner  accent\" style=\"\">\r\n                <div class=\"thumb\" style=\"\"><img width=\"500\" height=\"302\" src=\"https:\/\/www.louxeirabv.com\/fr\/wp-content\/uploads\/2020\/07\/labrado-pizarra.jpg\" class=\"attachment-logistix-rectangle size-logistix-rectangle\" alt=\"\" loading=\"lazy\" srcset=\"https:\/\/www.louxeirabv.com\/fr\/wp-content\/uploads\/2020\/07\/labrado-pizarra.jpg 500w, https:\/\/www.louxeirabv.com\/fr\/wp-content\/uploads\/2020\/07\/labrado-pizarra-300x181.jpg 300w, https:\/\/www.louxeirabv.com\/fr\/wp-content\/uploads\/2020\/07\/labrado-pizarra-480x290.jpg 480w\" sizes=\"(max-width: 500px) 100vw, 500px\" \/><\/div>\r\n                <div class=\"text-wrap\" style=\"padding:30px 30px 240px;\">\r\n                     <h3 class=\"title style-1\" style=\"font-weight:400;color:#ffffff;font-size:22px;margin-bottom:13px;\">\r\n        <a target=\"_blank\" href=\"\"><span style=\"\">FORG\u00c9<\/span><\/a>\r\n    <\/h3>  <div class=\"desc\" style=\"font-weight:400;color:#ffffff;margin-bottom:8px;\">Gr\u00e2ce aux techniques traditionnelles d'exfoliation manuelle, ainsi qu'\u00e0 l'utilisation de machines d'exfoliation automatiques, les blocs sont transform\u00e9s en fines feuilles d'ardoise adapt\u00e9es au biseautage.<\/div> \r\n                <\/div>\r\n            <\/div>\r\n        <\/div>\r\n    <\/div><div class=\"logistix-image-box clearfix \" style=\"\">\r\n        <div class=\"item\">\r\n            <div class=\"inner  dark-accent\" style=\"\">\r\n                <div class=\"thumb\" style=\"\"><img width=\"500\" height=\"302\" src=\"https:\/\/www.louxeirabv.com\/fr\/wp-content\/uploads\/2020\/07\/proceso-productivo-4.jpg\" class=\"attachment-logistix-rectangle size-logistix-rectangle\" alt=\"\" loading=\"lazy\" srcset=\"https:\/\/www.louxeirabv.com\/fr\/wp-content\/uploads\/2020\/07\/proceso-productivo-4.jpg 500w, https:\/\/www.louxeirabv.com\/fr\/wp-content\/uploads\/2020\/07\/proceso-productivo-4-300x181.jpg 300w, https:\/\/www.louxeirabv.com\/fr\/wp-content\/uploads\/2020\/07\/proceso-productivo-4-480x290.jpg 480w\" sizes=\"(max-width: 500px) 100vw, 500px\" \/><\/div>\r\n                <div class=\"text-wrap\" style=\"padding:30px 30px 290px;\">\r\n                     <h3 class=\"title style-1\" style=\"font-weight:400;color:#ffffff;font-size:22px;margin-bottom:13px;\">\r\n        <a target=\"_blank\" href=\"\"><span style=\"\">BISEAUT\u00c9<\/span><\/a>\r\n    <\/h3>  <div class=\"desc\" style=\"font-weight:400;color:#ffffff;margin-bottom:8px;\">Les feuilles d'ardoise sont d\u00e9coup\u00e9es \u00e0 la machine en diff\u00e9rentes tailles selon les demandes des clients.<\/div> \r\n                <\/div>\r\n            <\/div>\r\n        <\/div>\r\n    <\/div><div class=\"logistix-image-box clearfix \" style=\"\">\r\n        <div class=\"item\">\r\n            <div class=\"inner  accent\" style=\"\">\r\n                <div class=\"thumb\" style=\"\"><img width=\"500\" height=\"302\" src=\"https:\/\/www.louxeirabv.com\/fr\/wp-content\/uploads\/2020\/07\/proceso-productivo-5.jpg\" class=\"attachment-logistix-rectangle size-logistix-rectangle\" alt=\"\" loading=\"lazy\" srcset=\"https:\/\/www.louxeirabv.com\/fr\/wp-content\/uploads\/2020\/07\/proceso-productivo-5.jpg 500w, https:\/\/www.louxeirabv.com\/fr\/wp-content\/uploads\/2020\/07\/proceso-productivo-5-300x181.jpg 300w, https:\/\/www.louxeirabv.com\/fr\/wp-content\/uploads\/2020\/07\/proceso-productivo-5-480x290.jpg 480w\" sizes=\"(max-width: 500px) 100vw, 500px\" \/><\/div>\r\n                <div class=\"text-wrap\" style=\"padding:30px 30px 5px;\">\r\n                     <h3 class=\"title style-1\" style=\"font-weight:400;color:#ffffff;font-size:22px;margin-bottom:13px;\">\r\n        <a target=\"_blank\" href=\"\"><span style=\"\">S\u00c9LECTION ET CONDITIONNEMENT<\/span><\/a>\r\n    <\/h3>  <div class=\"desc\" style=\"font-weight:400;color:#ffffff;margin-bottom:8px;\">Bien que des crit\u00e8res de qualit\u00e9 rigoureux soient appliqu\u00e9s tout au long du processus de transformation, c'est \u00e0 ce stade que chacune de nos planches est s\u00e9lectionn\u00e9e \u00e0 la main, une par une, par des experts professionnels qualifi\u00e9s de notre service qualit\u00e9.<\/p>\n<p>Classer chaque ardoise en diff\u00e9rentes s\u00e9lections selon les crit\u00e8res et exigences de la r\u00e9glementation en vigueur de chaque march\u00e9.<\/p>\n<p>Par la suite, l'ardoise est emball\u00e9e dans des caisses en bois, pr\u00eate pour le stockage.<\/div> \r\n                <\/div>\r\n            <\/div>\r\n        <\/div>\r\n    <\/div><div class=\"logistix-image-box clearfix \" style=\"\">\r\n        <div class=\"item\">\r\n            <div class=\"inner  dark-accent\" style=\"\">\r\n                <div class=\"thumb\" style=\"\"><img width=\"500\" height=\"302\" src=\"https:\/\/www.louxeirabv.com\/fr\/wp-content\/uploads\/2020\/07\/proceso-productivo-6.jpg\" class=\"attachment-logistix-rectangle size-logistix-rectangle\" alt=\"\" loading=\"lazy\" srcset=\"https:\/\/www.louxeirabv.com\/fr\/wp-content\/uploads\/2020\/07\/proceso-productivo-6.jpg 500w, https:\/\/www.louxeirabv.com\/fr\/wp-content\/uploads\/2020\/07\/proceso-productivo-6-300x181.jpg 300w, https:\/\/www.louxeirabv.com\/fr\/wp-content\/uploads\/2020\/07\/proceso-productivo-6-480x290.jpg 480w\" sizes=\"(max-width: 500px) 100vw, 500px\" \/><\/div>\r\n                <div class=\"text-wrap\" style=\"padding:30px 30px 200px;\">\r\n                     <h3 class=\"title style-1\" style=\"font-weight:400;color:#ffffff;font-size:22px;margin-bottom:13px;\">\r\n        <a target=\"_blank\" href=\"\"><span style=\"\">CHARGEMENT DE MARCHANDISE<\/span><\/a>\r\n    <\/h3>  <div class=\"desc\" style=\"font-weight:400;color:#ffffff;margin-bottom:8px;\">Avant le chargement de la marchandise sur les camions, chaque carton est identifi\u00e9 par une \u00e9tiquette, qui contient toutes les informations sur le carton, ce qui garantit au client l'acc\u00e8s \u00e0 la tra\u00e7abilit\u00e9 compl\u00e8te du produit.<\/div> \r\n                <\/div>\r\n            <\/div>\r\n        <\/div>\r\n    <\/div>\n<\/div>\r\n\t<\/div>\n\r\n\t\t<\/div>\r\n\t<\/div>\r\n\t<div class=\"logistix-spacer clearfix\" data-desktop=\"100\" data-mobi=\"60\" data-smobi=\"60\"><\/div>[\/vc_column][\/vc_row]<\/p>\n","protected":false},"excerpt":{"rendered":"<p>[vc_row css=\u00a0\u00bb.vc_custom_1593698788028{padding-top: 32px !important;}\u00a0\u00bb][vc_column width=\u00a0\u00bb1\/2&Prime;][vc_single_image image=\u00a0\u00bb5258&Prime; style=\u00a0\u00bbvc_box_shadow_border\u00a0\u00bb][\/vc_column][vc_column width=\u00a0\u00bb1\/2&Prime;][vc_text_separator title=\u00a0\u00bb100% NATUREL ET DURABLE\u00a0\u00bb color=\u00a0\u00bbmulled_wine\u00a0\u00bb style=\u00a0\u00bbshadow\u00a0\u00bb border_width=\u00a0\u00bb2&Prime;][vc_column_text] L&rsquo;ardoise est un mat\u00e9riau 100% naturel, durable et \u00e9cologique, qui a un faible impact environnemental non seulement de par sa composition p\u00e9trographique mais aussi parce que des moyens m\u00e9caniques et de l&rsquo;eau sont utilis\u00e9s&hellip;<\/p>\n","protected":false},"author":1,"featured_media":0,"parent":5123,"menu_order":0,"comment_status":"closed","ping_status":"closed","template":"","meta":[],"yoast_head":"<!-- This site is optimized with the Yoast SEO plugin v18.2 - https:\/\/yoast.com\/wordpress\/plugins\/seo\/ -->\n<title>Processus productif - Louxeira BV. Ardoise naturelle.<\/title>\n<meta name=\"description\" content=\"L&#039;ardoise est un mat\u00e9riau 100% naturel, nous investissons beaucoup dans les derni\u00e8res technologies qui permettent un processus de production plus \u00e9conome en \u00e9nergie.\" \/>\n<meta name=\"robots\" content=\"index, follow, max-snippet:-1, max-image-preview:large, max-video-preview:-1\" \/>\n<link rel=\"canonical\" href=\"https:\/\/www.louxeirabv.com\/fr\/ardoise-naturelle\/processus-productif\/\" \/>\n<meta property=\"og:locale\" content=\"fr_FR\" \/>\n<meta property=\"og:type\" content=\"article\" \/>\n<meta property=\"og:title\" content=\"Processus productif - Louxeira BV. Ardoise naturelle.\" \/>\n<meta property=\"og:description\" content=\"L&#039;ardoise est un mat\u00e9riau 100% naturel, nous investissons beaucoup dans les derni\u00e8res technologies qui permettent un processus de production plus \u00e9conome en \u00e9nergie.\" \/>\n<meta property=\"og:url\" content=\"https:\/\/www.louxeirabv.com\/fr\/ardoise-naturelle\/processus-productif\/\" \/>\n<meta property=\"og:site_name\" content=\"Louxeira BV. Ardoise naturelle.\" \/>\n<meta property=\"article:publisher\" content=\"https:\/\/www.facebook.com\/Louxeira-BV-112027697288444\" \/>\n<meta property=\"article:modified_time\" content=\"2022-03-01T14:51:01+00:00\" \/>\n<meta name=\"twitter:card\" content=\"summary_large_image\" \/>\n<meta name=\"twitter:label1\" content=\"Dur\u00e9e de lecture estim\u00e9e\" \/>\n\t<meta name=\"twitter:data1\" content=\"3 minutes\" \/>\n<script type=\"application\/ld+json\" class=\"yoast-schema-graph\">{\"@context\":\"https:\/\/schema.org\",\"@graph\":[{\"@type\":\"Organization\",\"@id\":\"https:\/\/www.louxeirabv.com\/fr\/#organization\",\"name\":\"Louxeira BV\",\"url\":\"https:\/\/www.louxeirabv.com\/fr\/\",\"sameAs\":[\"https:\/\/www.facebook.com\/Louxeira-BV-112027697288444\"],\"logo\":{\"@type\":\"ImageObject\",\"@id\":\"https:\/\/www.louxeirabv.com\/fr\/#logo\",\"inLanguage\":\"fr-FR\",\"url\":\"https:\/\/www.louxeirabv.com\/fr\/wp-content\/uploads\/2020\/07\/louxeira-BV.png\",\"contentUrl\":\"https:\/\/www.louxeirabv.com\/fr\/wp-content\/uploads\/2020\/07\/louxeira-BV.png\",\"width\":295,\"height\":62,\"caption\":\"Louxeira BV\"},\"image\":{\"@id\":\"https:\/\/www.louxeirabv.com\/fr\/#logo\"}},{\"@type\":\"WebSite\",\"@id\":\"https:\/\/www.louxeirabv.com\/fr\/#website\",\"url\":\"https:\/\/www.louxeirabv.com\/fr\/\",\"name\":\"Louxeira BV. Ardoise naturelle.\",\"description\":\"Louxeira BV est une entreprise familiale d&eacute;di&eacute;e &agrave; l'extraction, la production et la commercialisation de l'ardoise naturelle.\",\"publisher\":{\"@id\":\"https:\/\/www.louxeirabv.com\/fr\/#organization\"},\"potentialAction\":[{\"@type\":\"SearchAction\",\"target\":{\"@type\":\"EntryPoint\",\"urlTemplate\":\"https:\/\/www.louxeirabv.com\/fr\/?s={search_term_string}\"},\"query-input\":\"required name=search_term_string\"}],\"inLanguage\":\"fr-FR\"},{\"@type\":\"WebPage\",\"@id\":\"https:\/\/www.louxeirabv.com\/fr\/ardoise-naturelle\/processus-productif\/#webpage\",\"url\":\"https:\/\/www.louxeirabv.com\/fr\/ardoise-naturelle\/processus-productif\/\",\"name\":\"Processus productif - Louxeira BV. Ardoise naturelle.\",\"isPartOf\":{\"@id\":\"https:\/\/www.louxeirabv.com\/fr\/#website\"},\"datePublished\":\"2017-09-13T07:30:21+00:00\",\"dateModified\":\"2022-03-01T14:51:01+00:00\",\"description\":\"L'ardoise est un mat\u00e9riau 100% naturel, nous investissons beaucoup dans les derni\u00e8res technologies qui permettent un processus de production plus \u00e9conome en \u00e9nergie.\",\"breadcrumb\":{\"@id\":\"https:\/\/www.louxeirabv.com\/fr\/ardoise-naturelle\/processus-productif\/#breadcrumb\"},\"inLanguage\":\"fr-FR\",\"potentialAction\":[{\"@type\":\"ReadAction\",\"target\":[\"https:\/\/www.louxeirabv.com\/fr\/ardoise-naturelle\/processus-productif\/\"]}]},{\"@type\":\"BreadcrumbList\",\"@id\":\"https:\/\/www.louxeirabv.com\/fr\/ardoise-naturelle\/processus-productif\/#breadcrumb\",\"itemListElement\":[{\"@type\":\"ListItem\",\"position\":1,\"name\":\"Portada\",\"item\":\"https:\/\/www.louxeirabv.com\/fr\/\"},{\"@type\":\"ListItem\",\"position\":2,\"name\":\"Ardoise naturelle\",\"item\":\"https:\/\/www.louxeirabv.com\/fr\/ardoise-naturelle\/\"},{\"@type\":\"ListItem\",\"position\":3,\"name\":\"Processus productif\"}]}]}<\/script>\n<!-- \/ Yoast SEO plugin. -->","yoast_head_json":{"title":"Processus productif - Louxeira BV. Ardoise naturelle.","description":"L'ardoise est un mat\u00e9riau 100% naturel, nous investissons beaucoup dans les derni\u00e8res technologies qui permettent un processus de production plus \u00e9conome en \u00e9nergie.","robots":{"index":"index","follow":"follow","max-snippet":"max-snippet:-1","max-image-preview":"max-image-preview:large","max-video-preview":"max-video-preview:-1"},"canonical":"https:\/\/www.louxeirabv.com\/fr\/ardoise-naturelle\/processus-productif\/","og_locale":"fr_FR","og_type":"article","og_title":"Processus productif - Louxeira BV. Ardoise naturelle.","og_description":"L'ardoise est un mat\u00e9riau 100% naturel, nous investissons beaucoup dans les derni\u00e8res technologies qui permettent un processus de production plus \u00e9conome en \u00e9nergie.","og_url":"https:\/\/www.louxeirabv.com\/fr\/ardoise-naturelle\/processus-productif\/","og_site_name":"Louxeira BV. Ardoise naturelle.","article_publisher":"https:\/\/www.facebook.com\/Louxeira-BV-112027697288444","article_modified_time":"2022-03-01T14:51:01+00:00","twitter_card":"summary_large_image","twitter_misc":{"Dur\u00e9e de lecture estim\u00e9e":"3 minutes"},"schema":{"@context":"https:\/\/schema.org","@graph":[{"@type":"Organization","@id":"https:\/\/www.louxeirabv.com\/fr\/#organization","name":"Louxeira BV","url":"https:\/\/www.louxeirabv.com\/fr\/","sameAs":["https:\/\/www.facebook.com\/Louxeira-BV-112027697288444"],"logo":{"@type":"ImageObject","@id":"https:\/\/www.louxeirabv.com\/fr\/#logo","inLanguage":"fr-FR","url":"https:\/\/www.louxeirabv.com\/fr\/wp-content\/uploads\/2020\/07\/louxeira-BV.png","contentUrl":"https:\/\/www.louxeirabv.com\/fr\/wp-content\/uploads\/2020\/07\/louxeira-BV.png","width":295,"height":62,"caption":"Louxeira BV"},"image":{"@id":"https:\/\/www.louxeirabv.com\/fr\/#logo"}},{"@type":"WebSite","@id":"https:\/\/www.louxeirabv.com\/fr\/#website","url":"https:\/\/www.louxeirabv.com\/fr\/","name":"Louxeira BV. Ardoise naturelle.","description":"Louxeira BV est une entreprise familiale d&eacute;di&eacute;e &agrave; l'extraction, la production et la commercialisation de l'ardoise naturelle.","publisher":{"@id":"https:\/\/www.louxeirabv.com\/fr\/#organization"},"potentialAction":[{"@type":"SearchAction","target":{"@type":"EntryPoint","urlTemplate":"https:\/\/www.louxeirabv.com\/fr\/?s={search_term_string}"},"query-input":"required name=search_term_string"}],"inLanguage":"fr-FR"},{"@type":"WebPage","@id":"https:\/\/www.louxeirabv.com\/fr\/ardoise-naturelle\/processus-productif\/#webpage","url":"https:\/\/www.louxeirabv.com\/fr\/ardoise-naturelle\/processus-productif\/","name":"Processus productif - Louxeira BV. Ardoise naturelle.","isPartOf":{"@id":"https:\/\/www.louxeirabv.com\/fr\/#website"},"datePublished":"2017-09-13T07:30:21+00:00","dateModified":"2022-03-01T14:51:01+00:00","description":"L'ardoise est un mat\u00e9riau 100% naturel, nous investissons beaucoup dans les derni\u00e8res technologies qui permettent un processus de production plus \u00e9conome en \u00e9nergie.","breadcrumb":{"@id":"https:\/\/www.louxeirabv.com\/fr\/ardoise-naturelle\/processus-productif\/#breadcrumb"},"inLanguage":"fr-FR","potentialAction":[{"@type":"ReadAction","target":["https:\/\/www.louxeirabv.com\/fr\/ardoise-naturelle\/processus-productif\/"]}]},{"@type":"BreadcrumbList","@id":"https:\/\/www.louxeirabv.com\/fr\/ardoise-naturelle\/processus-productif\/#breadcrumb","itemListElement":[{"@type":"ListItem","position":1,"name":"Portada","item":"https:\/\/www.louxeirabv.com\/fr\/"},{"@type":"ListItem","position":2,"name":"Ardoise naturelle","item":"https:\/\/www.louxeirabv.com\/fr\/ardoise-naturelle\/"},{"@type":"ListItem","position":3,"name":"Processus productif"}]}]}},"_links":{"self":[{"href":"https:\/\/www.louxeirabv.com\/fr\/wp-json\/wp\/v2\/pages\/244"}],"collection":[{"href":"https:\/\/www.louxeirabv.com\/fr\/wp-json\/wp\/v2\/pages"}],"about":[{"href":"https:\/\/www.louxeirabv.com\/fr\/wp-json\/wp\/v2\/types\/page"}],"author":[{"embeddable":true,"href":"https:\/\/www.louxeirabv.com\/fr\/wp-json\/wp\/v2\/users\/1"}],"replies":[{"embeddable":true,"href":"https:\/\/www.louxeirabv.com\/fr\/wp-json\/wp\/v2\/comments?post=244"}],"version-history":[{"count":25,"href":"https:\/\/www.louxeirabv.com\/fr\/wp-json\/wp\/v2\/pages\/244\/revisions"}],"predecessor-version":[{"id":6113,"href":"https:\/\/www.louxeirabv.com\/fr\/wp-json\/wp\/v2\/pages\/244\/revisions\/6113"}],"up":[{"embeddable":true,"href":"https:\/\/www.louxeirabv.com\/fr\/wp-json\/wp\/v2\/pages\/5123"}],"wp:attachment":[{"href":"https:\/\/www.louxeirabv.com\/fr\/wp-json\/wp\/v2\/media?parent=244"}],"curies":[{"name":"wp","href":"https:\/\/api.w.org\/{rel}","templated":true}]}}