{"id":5484,"date":"2020-07-21T11:37:11","date_gmt":"2020-07-21T11:37:11","guid":{"rendered":"https:\/\/www.louxeirabv.com\/fr\/?page_id=5484"},"modified":"2022-02-28T15:37:59","modified_gmt":"2022-02-28T15:37:59","slug":"ardoise-p17","status":"publish","type":"page","link":"https:\/\/www.louxeirabv.com\/fr\/produits\/ardoise-de-toit\/ardoise-p17\/","title":{"rendered":"Ardoise P17"},"content":{"rendered":"<p>[vc_row column_spacing=\u00a0\u00bb0px\u00a0\u00bb content_placement=\u00a0\u00bbtop\u00a0\u00bb][vc_column width=\u00a0\u00bb2\/3&Prime; css=\u00a0\u00bb.vc_custom_1594986940477{margin: 0px !important;padding: 0px !important;border: 0px initial !important;}\u00a0\u00bb][vc_column_text]<\/p>\n<div id=\"containerIntro\">\n<h1 class=\"start\"><span style=\"color: #df8725;\">P17<\/span><\/h1>\n<p class=\"start\">C&rsquo;est une ardoise naturelle non carbonat\u00e9e de compr\u00e9hension tectonique extraite et \u00e9labor\u00e9e dans la province de Le\u00f3n (Espagne)<\/p>\n<\/div>\n<p>[\/vc_column_text][vc_empty_space][vc_column_text]<\/p>\n<div id=\"containerIntro\">\n<h2 class=\"start\"><span style=\"color: #df8725;\">La description:<\/span><\/h2>\n<p class=\"start\">Ardoise noire, avec fines laminations et grain. Texture lisse et excellente plan\u00e9it\u00e9.<\/p>\n<\/div>\n<p>[\/vc_column_text][vc_empty_space][vc_column_text]<\/p>\n<div id=\"containerIntro\">\n<h2 class=\"start\"><span style=\"color: #df8725;\">S\u00e9lections:<\/span><\/h2>\n<p class=\"start\">Prestige, Tradition, Eco et Heavy<\/p>\n<\/div>\n<p>[\/vc_column_text][vc_empty_space][vc_column_text]<\/p>\n<div id=\"containerIntro\">\n<h2 class=\"start\"><span style=\"color: #df8725;\">\u00c9paisseurs:<\/span><\/h2>\n<p class=\"start\">5mm, 7mm et 9mm<\/p>\n<\/div>\n<p>[\/vc_column_text][vc_empty_space][vc_column_text]<\/p>\n<div id=\"containerIntro\">\n<h2 class=\"start\"><span style=\"color: #df8725;\">Tailles:<\/span><\/h2>\n<p class=\"start\">de 27x18cm \u00e0 60&#215;30 cm<\/p>\n<\/div>\n<p>[\/vc_column_text][vc_empty_space][vc_column_text]<\/p>\n<div id=\"containerIntro\">\n<h2 class=\"start\"><span style=\"color: #df8725;\">Caract\u00e9ristiques techniques:<\/span><\/h2>\n<\/div>\n<p>[\/vc_column_text][vc_empty_space height=\u00a0\u00bb12px\u00a0\u00bb][vc_column_text]<strong>R\u00e9sistance moyenne \u00e0 la flexion:<\/strong> Longitudinal: 81,5 N\/mm<sup>2<\/sup> <strong>|<\/strong> Traverser: 64,3 N\/mm<sup>2<\/sup><br \/>\n<strong>Absorption de l&rsquo;eau:<\/strong> 0,4% W1<br \/>\n<strong>Carbonates non carbonat\u00e9:<\/strong> 0,2%<br \/>\n<strong>Cycle thermique:<\/strong> T1<br \/>\n<strong>Exposition au SO2:<\/strong> S1<br \/>\n<strong>R\u00e9action au feu:<\/strong> Oui<br \/>\n<strong>\u00c9mission de substances dangereuses:<\/strong> Non[\/vc_column_text][vc_empty_space][\/vc_column][vc_column width=\u00a0\u00bb1\/3&Prime;][vc_empty_space height=\u00a0\u00bb12px\u00a0\u00bb]<div class=\"logistix-carousel-box arrow-dark arrow-center bullet-square offsetcenter offset-v0\" data-auto=\"true\" data-loop=\"true\" data-gap=\"0\" data-column=\"1\" data-column2=\"1\" data-column3=\"1\">\r\n        <div class=\"owl-carousel owl-theme\"><div class=\"logistix-image-box clearfix text-center\" style=\"\">\r\n        <div class=\"item\">\r\n            <div class=\"inner \" style=\"\">\r\n                <div class=\"thumb\" style=\"\"><img width=\"373\" height=\"419\" src=\"https:\/\/www.louxeirabv.com\/fr\/wp-content\/uploads\/2020\/07\/Pizarra-P17.jpg\" class=\"attachment-logistix-rectangle size-logistix-rectangle\" alt=\"\" loading=\"lazy\" srcset=\"https:\/\/www.louxeirabv.com\/fr\/wp-content\/uploads\/2020\/07\/Pizarra-P17.jpg 373w, https:\/\/www.louxeirabv.com\/fr\/wp-content\/uploads\/2020\/07\/Pizarra-P17-267x300.jpg 267w\" sizes=\"(max-width: 373px) 100vw, 373px\" \/><\/div>\r\n                <div class=\"text-wrap\" style=\"padding:0px;\">\r\n                        \r\n                <\/div>\r\n            <\/div>\r\n        <\/div>\r\n    <\/div><div class=\"logistix-image-box clearfix text-center\" style=\"\">\r\n        <div class=\"item\">\r\n            <div class=\"inner \" style=\"\">\r\n                <div class=\"thumb\" style=\"\"><img width=\"373\" height=\"419\" src=\"https:\/\/www.louxeirabv.com\/fr\/wp-content\/uploads\/2020\/07\/Pizarra-P17-1.jpg\" class=\"attachment-logistix-rectangle size-logistix-rectangle\" alt=\"\" loading=\"lazy\" srcset=\"https:\/\/www.louxeirabv.com\/fr\/wp-content\/uploads\/2020\/07\/Pizarra-P17-1.jpg 373w, https:\/\/www.louxeirabv.com\/fr\/wp-content\/uploads\/2020\/07\/Pizarra-P17-1-267x300.jpg 267w\" sizes=\"(max-width: 373px) 100vw, 373px\" \/><\/div>\r\n                <div class=\"text-wrap\" style=\"padding:0px;\">\r\n                        \r\n                <\/div>\r\n            <\/div>\r\n        <\/div>\r\n    <\/div><div class=\"logistix-image-box clearfix text-center\" style=\"\">\r\n        <div class=\"item\">\r\n            <div class=\"inner \" style=\"\">\r\n                <div class=\"thumb\" style=\"\"><img width=\"373\" height=\"419\" src=\"https:\/\/www.louxeirabv.com\/fr\/wp-content\/uploads\/2020\/07\/Pizarra-P17-2.jpg\" class=\"attachment-logistix-rectangle size-logistix-rectangle\" alt=\"\" loading=\"lazy\" srcset=\"https:\/\/www.louxeirabv.com\/fr\/wp-content\/uploads\/2020\/07\/Pizarra-P17-2.jpg 373w, https:\/\/www.louxeirabv.com\/fr\/wp-content\/uploads\/2020\/07\/Pizarra-P17-2-267x300.jpg 267w\" sizes=\"(max-width: 373px) 100vw, 373px\" \/><\/div>\r\n                <div class=\"text-wrap\" style=\"padding:0px;\">\r\n                        \r\n                <\/div>\r\n            <\/div>\r\n        <\/div>\r\n    <\/div>\n<\/div>\r\n\t<\/div>[\/vc_column][\/vc_row][vc_row][vc_column css=\u00a0\u00bb.vc_custom_1594998188346{padding: 22px !important;background-color: #38454e !important;}\u00a0\u00bb][vc_raw_html]JTVCZm9ybWlkYWJsZSUyMGlkJTNENyU1RA==[\/vc_raw_html][\/vc_column][\/vc_row][vc_row disable_element=\u00a0\u00bbyes\u00a0\u00bb][vc_column]<div class=\"button-wrap icon-right has-icon\" style=\"display:inline-block;margin:0px 0px 0px 50px;\"><a href=\"https:\/\/www.louxeirabv.com\/fr\/pdf\/P17.pdf\" target=\"_blank\" class=\"logistix-button medium solid outline_dark  outline dark\" style=\"border-radius:10px;\">\r\n\t\t<span style=\"\">Descargar ficha t\u00e9cnica <span class=\"icon\" style=\"font-size:30px;\"><i class=\"entypo-icon entypo-icon-download\"><\/i><\/span><\/span>\r\n\t<\/a><\/div>[\/vc_column][\/vc_row]<\/p>\n","protected":false},"excerpt":{"rendered":"<p>[vc_row column_spacing=\u00a0\u00bb0px\u00a0\u00bb content_placement=\u00a0\u00bbtop\u00a0\u00bb][vc_column width=\u00a0\u00bb2\/3&Prime; css=\u00a0\u00bb.vc_custom_1594986940477{margin: 0px !important;padding: 0px !important;border: 0px initial !important;}\u00a0\u00bb][vc_column_text] P17 C&rsquo;est une ardoise naturelle non carbonat\u00e9e de compr\u00e9hension tectonique extraite et \u00e9labor\u00e9e dans la province de Le\u00f3n (Espagne) [\/vc_column_text][vc_empty_space][vc_column_text] La description: Ardoise noire, avec fines laminations et grain. Texture lisse et excellente plan\u00e9it\u00e9. [\/vc_column_text][vc_empty_space][vc_column_text] S\u00e9lections: Prestige,&hellip;<\/p>\n","protected":false},"author":1,"featured_media":0,"parent":5142,"menu_order":0,"comment_status":"closed","ping_status":"closed","template":"","meta":[],"yoast_head":"<!-- This site is optimized with the Yoast SEO plugin v18.2 - https:\/\/yoast.com\/wordpress\/plugins\/seo\/ -->\n<title>Ardoise P17 - Louxeira BV. Ardoise naturelle.<\/title>\n<meta name=\"robots\" content=\"index, follow, max-snippet:-1, max-image-preview:large, max-video-preview:-1\" \/>\n<link rel=\"canonical\" href=\"https:\/\/www.louxeirabv.com\/fr\/produits\/ardoise-de-toit\/ardoise-p17\/\" \/>\n<meta property=\"og:locale\" content=\"fr_FR\" \/>\n<meta property=\"og:type\" content=\"article\" \/>\n<meta property=\"og:title\" content=\"Ardoise P17 - Louxeira BV. Ardoise naturelle.\" \/>\n<meta property=\"og:description\" content=\"[vc_row column_spacing=\u00a0\u00bb0px\u00a0\u00bb content_placement=\u00a0\u00bbtop\u00a0\u00bb][vc_column width=\u00a0\u00bb2\/3&Prime; css=\u00a0\u00bb.vc_custom_1594986940477{margin: 0px !important;padding: 0px !important;border: 0px initial !important;}\u00a0\u00bb][vc_column_text] P17 C&rsquo;est une ardoise naturelle non carbonat\u00e9e de compr\u00e9hension tectonique extraite et \u00e9labor\u00e9e dans la province de Le\u00f3n (Espagne) [\/vc_column_text][vc_empty_space][vc_column_text] La description: Ardoise noire, avec fines laminations et grain. Texture lisse et excellente plan\u00e9it\u00e9. [\/vc_column_text][vc_empty_space][vc_column_text] S\u00e9lections: Prestige,&hellip;\" \/>\n<meta property=\"og:url\" content=\"https:\/\/www.louxeirabv.com\/fr\/produits\/ardoise-de-toit\/ardoise-p17\/\" \/>\n<meta property=\"og:site_name\" content=\"Louxeira BV. Ardoise naturelle.\" \/>\n<meta property=\"article:publisher\" content=\"https:\/\/www.facebook.com\/Louxeira-BV-112027697288444\" \/>\n<meta property=\"article:modified_time\" content=\"2022-02-28T15:37:59+00:00\" \/>\n<meta name=\"twitter:card\" content=\"summary_large_image\" \/>\n<meta name=\"twitter:label1\" content=\"Dur\u00e9e de lecture estim\u00e9e\" \/>\n\t<meta name=\"twitter:data1\" content=\"1 minute\" \/>\n<script type=\"application\/ld+json\" class=\"yoast-schema-graph\">{\"@context\":\"https:\/\/schema.org\",\"@graph\":[{\"@type\":\"Organization\",\"@id\":\"https:\/\/www.louxeirabv.com\/fr\/#organization\",\"name\":\"Louxeira BV\",\"url\":\"https:\/\/www.louxeirabv.com\/fr\/\",\"sameAs\":[\"https:\/\/www.facebook.com\/Louxeira-BV-112027697288444\"],\"logo\":{\"@type\":\"ImageObject\",\"@id\":\"https:\/\/www.louxeirabv.com\/fr\/#logo\",\"inLanguage\":\"fr-FR\",\"url\":\"https:\/\/www.louxeirabv.com\/fr\/wp-content\/uploads\/2020\/07\/louxeira-BV.png\",\"contentUrl\":\"https:\/\/www.louxeirabv.com\/fr\/wp-content\/uploads\/2020\/07\/louxeira-BV.png\",\"width\":295,\"height\":62,\"caption\":\"Louxeira BV\"},\"image\":{\"@id\":\"https:\/\/www.louxeirabv.com\/fr\/#logo\"}},{\"@type\":\"WebSite\",\"@id\":\"https:\/\/www.louxeirabv.com\/fr\/#website\",\"url\":\"https:\/\/www.louxeirabv.com\/fr\/\",\"name\":\"Louxeira BV. Ardoise naturelle.\",\"description\":\"Louxeira BV est une entreprise familiale d&eacute;di&eacute;e &agrave; l'extraction, la production et la commercialisation de l'ardoise naturelle.\",\"publisher\":{\"@id\":\"https:\/\/www.louxeirabv.com\/fr\/#organization\"},\"potentialAction\":[{\"@type\":\"SearchAction\",\"target\":{\"@type\":\"EntryPoint\",\"urlTemplate\":\"https:\/\/www.louxeirabv.com\/fr\/?s={search_term_string}\"},\"query-input\":\"required name=search_term_string\"}],\"inLanguage\":\"fr-FR\"},{\"@type\":\"WebPage\",\"@id\":\"https:\/\/www.louxeirabv.com\/fr\/produits\/ardoise-de-toit\/ardoise-p17\/#webpage\",\"url\":\"https:\/\/www.louxeirabv.com\/fr\/produits\/ardoise-de-toit\/ardoise-p17\/\",\"name\":\"Ardoise P17 - Louxeira BV. Ardoise naturelle.\",\"isPartOf\":{\"@id\":\"https:\/\/www.louxeirabv.com\/fr\/#website\"},\"datePublished\":\"2020-07-21T11:37:11+00:00\",\"dateModified\":\"2022-02-28T15:37:59+00:00\",\"breadcrumb\":{\"@id\":\"https:\/\/www.louxeirabv.com\/fr\/produits\/ardoise-de-toit\/ardoise-p17\/#breadcrumb\"},\"inLanguage\":\"fr-FR\",\"potentialAction\":[{\"@type\":\"ReadAction\",\"target\":[\"https:\/\/www.louxeirabv.com\/fr\/produits\/ardoise-de-toit\/ardoise-p17\/\"]}]},{\"@type\":\"BreadcrumbList\",\"@id\":\"https:\/\/www.louxeirabv.com\/fr\/produits\/ardoise-de-toit\/ardoise-p17\/#breadcrumb\",\"itemListElement\":[{\"@type\":\"ListItem\",\"position\":1,\"name\":\"Portada\",\"item\":\"https:\/\/www.louxeirabv.com\/fr\/\"},{\"@type\":\"ListItem\",\"position\":2,\"name\":\"Produits\",\"item\":\"https:\/\/www.louxeirabv.com\/fr\/produits\/\"},{\"@type\":\"ListItem\",\"position\":3,\"name\":\"Ardoise de Toit\",\"item\":\"https:\/\/www.louxeirabv.com\/fr\/produits\/ardoise-de-toit\/\"},{\"@type\":\"ListItem\",\"position\":4,\"name\":\"Ardoise P17\"}]}]}<\/script>\n<!-- \/ Yoast SEO plugin. -->","yoast_head_json":{"title":"Ardoise P17 - Louxeira BV. Ardoise naturelle.","robots":{"index":"index","follow":"follow","max-snippet":"max-snippet:-1","max-image-preview":"max-image-preview:large","max-video-preview":"max-video-preview:-1"},"canonical":"https:\/\/www.louxeirabv.com\/fr\/produits\/ardoise-de-toit\/ardoise-p17\/","og_locale":"fr_FR","og_type":"article","og_title":"Ardoise P17 - Louxeira BV. Ardoise naturelle.","og_description":"[vc_row column_spacing=\u00a0\u00bb0px\u00a0\u00bb content_placement=\u00a0\u00bbtop\u00a0\u00bb][vc_column width=\u00a0\u00bb2\/3&Prime; css=\u00a0\u00bb.vc_custom_1594986940477{margin: 0px !important;padding: 0px !important;border: 0px initial !important;}\u00a0\u00bb][vc_column_text] P17 C&rsquo;est une ardoise naturelle non carbonat\u00e9e de compr\u00e9hension tectonique extraite et \u00e9labor\u00e9e dans la province de Le\u00f3n (Espagne) [\/vc_column_text][vc_empty_space][vc_column_text] La description: Ardoise noire, avec fines laminations et grain. Texture lisse et excellente plan\u00e9it\u00e9. [\/vc_column_text][vc_empty_space][vc_column_text] S\u00e9lections: Prestige,&hellip;","og_url":"https:\/\/www.louxeirabv.com\/fr\/produits\/ardoise-de-toit\/ardoise-p17\/","og_site_name":"Louxeira BV. Ardoise naturelle.","article_publisher":"https:\/\/www.facebook.com\/Louxeira-BV-112027697288444","article_modified_time":"2022-02-28T15:37:59+00:00","twitter_card":"summary_large_image","twitter_misc":{"Dur\u00e9e de lecture estim\u00e9e":"1 minute"},"schema":{"@context":"https:\/\/schema.org","@graph":[{"@type":"Organization","@id":"https:\/\/www.louxeirabv.com\/fr\/#organization","name":"Louxeira BV","url":"https:\/\/www.louxeirabv.com\/fr\/","sameAs":["https:\/\/www.facebook.com\/Louxeira-BV-112027697288444"],"logo":{"@type":"ImageObject","@id":"https:\/\/www.louxeirabv.com\/fr\/#logo","inLanguage":"fr-FR","url":"https:\/\/www.louxeirabv.com\/fr\/wp-content\/uploads\/2020\/07\/louxeira-BV.png","contentUrl":"https:\/\/www.louxeirabv.com\/fr\/wp-content\/uploads\/2020\/07\/louxeira-BV.png","width":295,"height":62,"caption":"Louxeira BV"},"image":{"@id":"https:\/\/www.louxeirabv.com\/fr\/#logo"}},{"@type":"WebSite","@id":"https:\/\/www.louxeirabv.com\/fr\/#website","url":"https:\/\/www.louxeirabv.com\/fr\/","name":"Louxeira BV. Ardoise naturelle.","description":"Louxeira BV est une entreprise familiale d&eacute;di&eacute;e &agrave; l'extraction, la production et la commercialisation de l'ardoise naturelle.","publisher":{"@id":"https:\/\/www.louxeirabv.com\/fr\/#organization"},"potentialAction":[{"@type":"SearchAction","target":{"@type":"EntryPoint","urlTemplate":"https:\/\/www.louxeirabv.com\/fr\/?s={search_term_string}"},"query-input":"required name=search_term_string"}],"inLanguage":"fr-FR"},{"@type":"WebPage","@id":"https:\/\/www.louxeirabv.com\/fr\/produits\/ardoise-de-toit\/ardoise-p17\/#webpage","url":"https:\/\/www.louxeirabv.com\/fr\/produits\/ardoise-de-toit\/ardoise-p17\/","name":"Ardoise P17 - Louxeira BV. Ardoise naturelle.","isPartOf":{"@id":"https:\/\/www.louxeirabv.com\/fr\/#website"},"datePublished":"2020-07-21T11:37:11+00:00","dateModified":"2022-02-28T15:37:59+00:00","breadcrumb":{"@id":"https:\/\/www.louxeirabv.com\/fr\/produits\/ardoise-de-toit\/ardoise-p17\/#breadcrumb"},"inLanguage":"fr-FR","potentialAction":[{"@type":"ReadAction","target":["https:\/\/www.louxeirabv.com\/fr\/produits\/ardoise-de-toit\/ardoise-p17\/"]}]},{"@type":"BreadcrumbList","@id":"https:\/\/www.louxeirabv.com\/fr\/produits\/ardoise-de-toit\/ardoise-p17\/#breadcrumb","itemListElement":[{"@type":"ListItem","position":1,"name":"Portada","item":"https:\/\/www.louxeirabv.com\/fr\/"},{"@type":"ListItem","position":2,"name":"Produits","item":"https:\/\/www.louxeirabv.com\/fr\/produits\/"},{"@type":"ListItem","position":3,"name":"Ardoise de Toit","item":"https:\/\/www.louxeirabv.com\/fr\/produits\/ardoise-de-toit\/"},{"@type":"ListItem","position":4,"name":"Ardoise P17"}]}]}},"_links":{"self":[{"href":"https:\/\/www.louxeirabv.com\/fr\/wp-json\/wp\/v2\/pages\/5484"}],"collection":[{"href":"https:\/\/www.louxeirabv.com\/fr\/wp-json\/wp\/v2\/pages"}],"about":[{"href":"https:\/\/www.louxeirabv.com\/fr\/wp-json\/wp\/v2\/types\/page"}],"author":[{"embeddable":true,"href":"https:\/\/www.louxeirabv.com\/fr\/wp-json\/wp\/v2\/users\/1"}],"replies":[{"embeddable":true,"href":"https:\/\/www.louxeirabv.com\/fr\/wp-json\/wp\/v2\/comments?post=5484"}],"version-history":[{"count":11,"href":"https:\/\/www.louxeirabv.com\/fr\/wp-json\/wp\/v2\/pages\/5484\/revisions"}],"predecessor-version":[{"id":6143,"href":"https:\/\/www.louxeirabv.com\/fr\/wp-json\/wp\/v2\/pages\/5484\/revisions\/6143"}],"up":[{"embeddable":true,"href":"https:\/\/www.louxeirabv.com\/fr\/wp-json\/wp\/v2\/pages\/5142"}],"wp:attachment":[{"href":"https:\/\/www.louxeirabv.com\/fr\/wp-json\/wp\/v2\/media?parent=5484"}],"curies":[{"name":"wp","href":"https:\/\/api.w.org\/{rel}","templated":true}]}}