{"id":5633,"date":"2020-07-28T06:21:15","date_gmt":"2020-07-28T06:21:15","guid":{"rendered":"https:\/\/www.louxeirabv.com\/fr\/?page_id=5633"},"modified":"2022-02-28T14:03:34","modified_gmt":"2022-02-28T14:03:34","slug":"ardoise-p8","status":"publish","type":"page","link":"https:\/\/www.louxeirabv.com\/fr\/ardoise-naturelle\/amenagement-paysager-et-ardoise-architecturale\/ardoise-p8\/","title":{"rendered":"Ardoise P8"},"content":{"rendered":"<p>[vc_row column_spacing=\u00a0\u00bb0px\u00a0\u00bb content_placement=\u00a0\u00bbtop\u00a0\u00bb][vc_column width=\u00a0\u00bb2\/3&Prime; css=\u00a0\u00bb.vc_custom_1594986940477{margin: 0px !important;padding: 0px !important;border: 0px initial !important;}\u00a0\u00bb][vc_column_text]<\/p>\n<div id=\"containerIntro\">\n<h1 class=\"start\"><span style=\"color: #df8725;\">P8<\/span><\/h1>\n<p class=\"start\">C&rsquo;est une ardoise naturelle non carbonat\u00e9e de compr\u00e9hension tectonique extraite et \u00e9labor\u00e9e dans la province de Le\u00f3n (Espagne)<\/p>\n<\/div>\n<p>[\/vc_column_text][vc_empty_space][vc_column_text]<\/p>\n<div id=\"containerIntro\">\n<h2 class=\"start\"><span style=\"color: #df8725;\">La description:<\/span><\/h2>\n<p class=\"start\">Ardoise bleu-gris, \u00e0 grain fin avec une texture rugueuse sp\u00e9ciale qui lui donne un aspect plus rustique et naturel.<\/p>\n<\/div>\n<p>[\/vc_column_text][vc_empty_space][vc_column_text]<\/p>\n<div id=\"containerIntro\">\n<h2 class=\"start\"><span style=\"color: #df8725;\">Produits disponibles:<\/span><\/h2>\n<p class=\"start\">Plaques d&rsquo;ardoise, bloc de ma\u00e7onnerie, plaques\/dalles irr\u00e9guli\u00e8res.<\/p>\n<\/div>\n<p>[\/vc_column_text][vc_empty_space][vc_column_text]<\/p>\n<div id=\"containerIntro\">\n<h2 class=\"start\"><span style=\"color: #df8725;\">Finitions disponibles:<\/span><\/h2>\n<p class=\"start\">Naturel, dentel\u00e9, bross\u00e9, bouchard\u00e9<\/p>\n<\/div>\n<p>[\/vc_column_text][vc_empty_space][vc_column_text]<\/p>\n<div id=\"containerIntro\">\n<h2 class=\"start\"><span style=\"color: #df8725;\">\u00c9paisseurs:<\/span><\/h2>\n<p class=\"start\">De 1cm \u00e0 10 cms<\/p>\n<\/div>\n<p>[\/vc_column_text][vc_empty_space][vc_column_text]<\/p>\n<div id=\"containerIntro\">\n<h2 class=\"start\"><span style=\"color: #df8725;\">Tailles:<\/span><\/h2>\n<p class=\"start\">de 20x20cms \u00e0 240&#215;150 cms<\/p>\n<\/div>\n<p>[\/vc_column_text][vc_empty_space][vc_column_text]<\/p>\n<div id=\"containerIntro\">\n<h2 class=\"start\"><span style=\"color: #df8725;\">Caract\u00e9ristiques techniques:<\/span><\/h2>\n<\/div>\n<p>[\/vc_column_text][vc_empty_space height=\u00a0\u00bb12px\u00a0\u00bb][vc_column_text]<strong>R\u00e9sistance moyenne \u00e0 la flexion:<\/strong> Longitudinal: 59,8 N\/mm2 <strong>|<\/strong> Traverser: 51,0 N\/mm2<br \/>\n<strong>Absorption de l&rsquo;eau:<\/strong> 0,27% W1<br \/>\n<strong>Carbonates non carbonat\u00e9:<\/strong> 0,3%<br \/>\n<strong>Cycle thermique:<\/strong> T1<br \/>\n<strong>Exposition au SO2:<\/strong> S1<br \/>\n<strong>R\u00e9action au feu:<\/strong> Cumple<br \/>\n<strong>\u00c9mission de substances dangereuses:<\/strong> Ninguna[\/vc_column_text][vc_empty_space][\/vc_column][vc_column width=\u00a0\u00bb1\/3&Prime;][vc_empty_space height=\u00a0\u00bb12px\u00a0\u00bb]<div class=\"logistix-carousel-box arrow-dark arrow-center bullet-square offsetcenter offset-v0\" data-auto=\"true\" data-loop=\"true\" data-gap=\"0\" data-column=\"1\" data-column2=\"1\" data-column3=\"1\">\r\n        <div class=\"owl-carousel owl-theme\"><div class=\"logistix-image-box clearfix text-center\" style=\"\">\r\n        <div class=\"item\">\r\n            <div class=\"inner \" style=\"\">\r\n                <div class=\"thumb\" style=\"\"><img width=\"373\" height=\"419\" src=\"https:\/\/www.louxeirabv.com\/fr\/wp-content\/uploads\/2020\/07\/Pizarra-P8-1-1.jpg\" class=\"attachment-logistix-rectangle size-logistix-rectangle\" alt=\"\" loading=\"lazy\" srcset=\"https:\/\/www.louxeirabv.com\/fr\/wp-content\/uploads\/2020\/07\/Pizarra-P8-1-1.jpg 373w, https:\/\/www.louxeirabv.com\/fr\/wp-content\/uploads\/2020\/07\/Pizarra-P8-1-1-267x300.jpg 267w\" sizes=\"(max-width: 373px) 100vw, 373px\" \/><\/div>\r\n                <div class=\"text-wrap\" style=\"padding:0px;\">\r\n                        \r\n                <\/div>\r\n            <\/div>\r\n        <\/div>\r\n    <\/div><div class=\"logistix-image-box clearfix text-center\" style=\"\">\r\n        <div class=\"item\">\r\n            <div class=\"inner \" style=\"\">\r\n                <div class=\"thumb\" style=\"\"><img width=\"373\" height=\"419\" src=\"https:\/\/www.louxeirabv.com\/fr\/wp-content\/uploads\/2020\/07\/Pizarra-P8-2-1.jpg\" class=\"attachment-logistix-rectangle size-logistix-rectangle\" alt=\"\" loading=\"lazy\" srcset=\"https:\/\/www.louxeirabv.com\/fr\/wp-content\/uploads\/2020\/07\/Pizarra-P8-2-1.jpg 373w, https:\/\/www.louxeirabv.com\/fr\/wp-content\/uploads\/2020\/07\/Pizarra-P8-2-1-267x300.jpg 267w\" sizes=\"(max-width: 373px) 100vw, 373px\" \/><\/div>\r\n                <div class=\"text-wrap\" style=\"padding:0px;\">\r\n                        \r\n                <\/div>\r\n            <\/div>\r\n        <\/div>\r\n    <\/div><div class=\"logistix-image-box clearfix text-center\" style=\"\">\r\n        <div class=\"item\">\r\n            <div class=\"inner \" style=\"\">\r\n                <div class=\"thumb\" style=\"\"><img width=\"373\" height=\"419\" src=\"https:\/\/www.louxeirabv.com\/fr\/wp-content\/uploads\/2020\/07\/Pizarra-P8-3-1.jpg\" class=\"attachment-logistix-rectangle size-logistix-rectangle\" alt=\"\" loading=\"lazy\" srcset=\"https:\/\/www.louxeirabv.com\/fr\/wp-content\/uploads\/2020\/07\/Pizarra-P8-3-1.jpg 373w, https:\/\/www.louxeirabv.com\/fr\/wp-content\/uploads\/2020\/07\/Pizarra-P8-3-1-267x300.jpg 267w\" sizes=\"(max-width: 373px) 100vw, 373px\" \/><\/div>\r\n                <div class=\"text-wrap\" style=\"padding:0px;\">\r\n                        \r\n                <\/div>\r\n            <\/div>\r\n        <\/div>\r\n    <\/div><div class=\"logistix-image-box clearfix text-center\" style=\"\">\r\n        <div class=\"item\">\r\n            <div class=\"inner \" style=\"\">\r\n                <div class=\"thumb\" style=\"\"><img width=\"373\" height=\"419\" src=\"https:\/\/www.louxeirabv.com\/fr\/wp-content\/uploads\/2020\/07\/Pizarra-P8-4-1.jpg\" class=\"attachment-logistix-rectangle size-logistix-rectangle\" alt=\"\" loading=\"lazy\" srcset=\"https:\/\/www.louxeirabv.com\/fr\/wp-content\/uploads\/2020\/07\/Pizarra-P8-4-1.jpg 373w, https:\/\/www.louxeirabv.com\/fr\/wp-content\/uploads\/2020\/07\/Pizarra-P8-4-1-267x300.jpg 267w\" sizes=\"(max-width: 373px) 100vw, 373px\" \/><\/div>\r\n                <div class=\"text-wrap\" style=\"padding:0px;\">\r\n                        \r\n                <\/div>\r\n            <\/div>\r\n        <\/div>\r\n    <\/div><div class=\"logistix-image-box clearfix text-center\" style=\"\">\r\n        <div class=\"item\">\r\n            <div class=\"inner \" style=\"\">\r\n                <div class=\"thumb\" style=\"\"><img width=\"373\" height=\"419\" src=\"https:\/\/www.louxeirabv.com\/fr\/wp-content\/uploads\/2020\/07\/Pizarra-P8-5-1.jpg\" class=\"attachment-logistix-rectangle size-logistix-rectangle\" alt=\"\" loading=\"lazy\" srcset=\"https:\/\/www.louxeirabv.com\/fr\/wp-content\/uploads\/2020\/07\/Pizarra-P8-5-1.jpg 373w, https:\/\/www.louxeirabv.com\/fr\/wp-content\/uploads\/2020\/07\/Pizarra-P8-5-1-267x300.jpg 267w\" sizes=\"(max-width: 373px) 100vw, 373px\" \/><\/div>\r\n                <div class=\"text-wrap\" style=\"padding:0px;\">\r\n                        \r\n                <\/div>\r\n            <\/div>\r\n        <\/div>\r\n    <\/div><div class=\"logistix-image-box clearfix text-center\" style=\"\">\r\n        <div class=\"item\">\r\n            <div class=\"inner \" style=\"\">\r\n                <div class=\"thumb\" style=\"\"><img width=\"373\" height=\"419\" src=\"https:\/\/www.louxeirabv.com\/fr\/wp-content\/uploads\/2020\/07\/Pizarra-P8-6-1.jpg\" class=\"attachment-logistix-rectangle size-logistix-rectangle\" alt=\"\" loading=\"lazy\" srcset=\"https:\/\/www.louxeirabv.com\/fr\/wp-content\/uploads\/2020\/07\/Pizarra-P8-6-1.jpg 373w, https:\/\/www.louxeirabv.com\/fr\/wp-content\/uploads\/2020\/07\/Pizarra-P8-6-1-267x300.jpg 267w\" sizes=\"(max-width: 373px) 100vw, 373px\" \/><\/div>\r\n                <div class=\"text-wrap\" style=\"padding:0px;\">\r\n                        \r\n                <\/div>\r\n            <\/div>\r\n        <\/div>\r\n    <\/div><div class=\"logistix-image-box clearfix text-center\" style=\"\">\r\n        <div class=\"item\">\r\n            <div class=\"inner \" style=\"\">\r\n                <div class=\"thumb\" style=\"\"><img width=\"373\" height=\"419\" src=\"https:\/\/www.louxeirabv.com\/fr\/wp-content\/uploads\/2020\/07\/Pizarra-P8-7-1.jpg\" class=\"attachment-logistix-rectangle size-logistix-rectangle\" alt=\"\" loading=\"lazy\" srcset=\"https:\/\/www.louxeirabv.com\/fr\/wp-content\/uploads\/2020\/07\/Pizarra-P8-7-1.jpg 373w, https:\/\/www.louxeirabv.com\/fr\/wp-content\/uploads\/2020\/07\/Pizarra-P8-7-1-267x300.jpg 267w\" sizes=\"(max-width: 373px) 100vw, 373px\" \/><\/div>\r\n                <div class=\"text-wrap\" style=\"padding:0px;\">\r\n                        \r\n                <\/div>\r\n            <\/div>\r\n        <\/div>\r\n    <\/div>\n<\/div>\r\n\t<\/div><div class=\"button-wrap icon-right\" style=\"display:block; text-align:center;\"><a href=\"https:\/\/www.louxeirabv.com\/fr\/ardoise-naturelle\/amenagement-paysager-et-ardoise-architecturale\/\" target=\"_self\" class=\"logistix-button medium solid accent \" style=\"display:block; text-align:center;\">\r\n\t\t<span style=\"\">REVENIR <\/span>\r\n\t<\/a><\/div>[\/vc_column][\/vc_row][vc_row][vc_column css=\u00a0\u00bb.vc_custom_1594998188346{padding: 22px !important;background-color: #38454e !important;}\u00a0\u00bb][vc_raw_html]JTVCZm9ybWlkYWJsZSUyMGlkJTNEMiU1RA==[\/vc_raw_html][\/vc_column][\/vc_row]<\/p>\n","protected":false},"excerpt":{"rendered":"<p>[vc_row column_spacing=\u00a0\u00bb0px\u00a0\u00bb content_placement=\u00a0\u00bbtop\u00a0\u00bb][vc_column width=\u00a0\u00bb2\/3&Prime; css=\u00a0\u00bb.vc_custom_1594986940477{margin: 0px !important;padding: 0px !important;border: 0px initial !important;}\u00a0\u00bb][vc_column_text] P8 C&rsquo;est une ardoise naturelle non carbonat\u00e9e de compr\u00e9hension tectonique extraite et \u00e9labor\u00e9e dans la province de Le\u00f3n (Espagne) [\/vc_column_text][vc_empty_space][vc_column_text] La description: Ardoise bleu-gris, \u00e0 grain fin avec une texture rugueuse sp\u00e9ciale qui lui donne un aspect&hellip;<\/p>\n","protected":false},"author":1,"featured_media":0,"parent":5622,"menu_order":0,"comment_status":"closed","ping_status":"closed","template":"","meta":[],"yoast_head":"<!-- This site is optimized with the Yoast SEO plugin v18.2 - https:\/\/yoast.com\/wordpress\/plugins\/seo\/ -->\n<title>Ardoise P8<\/title>\n<meta name=\"description\" content=\"P8 es una pizarra natural no carbonatada de comprensi\u00f3n tect\u00f3nica extra\u00edda y elaborada en la provincia de Le\u00f3n(Espa\u00f1a)\" \/>\n<meta name=\"robots\" content=\"index, follow, max-snippet:-1, max-image-preview:large, max-video-preview:-1\" \/>\n<link rel=\"canonical\" href=\"https:\/\/www.louxeirabv.com\/fr\/ardoise-naturelle\/amenagement-paysager-et-ardoise-architecturale\/ardoise-p8\/\" \/>\n<meta property=\"og:locale\" content=\"fr_FR\" \/>\n<meta property=\"og:type\" content=\"article\" \/>\n<meta property=\"og:title\" content=\"Ardoise P8\" \/>\n<meta property=\"og:description\" content=\"P8 es una pizarra natural no carbonatada de comprensi\u00f3n tect\u00f3nica extra\u00edda y elaborada en la provincia de Le\u00f3n(Espa\u00f1a)\" \/>\n<meta property=\"og:url\" content=\"https:\/\/www.louxeirabv.com\/fr\/ardoise-naturelle\/amenagement-paysager-et-ardoise-architecturale\/ardoise-p8\/\" \/>\n<meta property=\"og:site_name\" content=\"Louxeira BV. Ardoise naturelle.\" \/>\n<meta property=\"article:publisher\" content=\"https:\/\/www.facebook.com\/Louxeira-BV-112027697288444\" \/>\n<meta property=\"article:modified_time\" content=\"2022-02-28T14:03:34+00:00\" \/>\n<meta name=\"twitter:card\" content=\"summary_large_image\" \/>\n<meta name=\"twitter:label1\" content=\"Dur\u00e9e de lecture estim\u00e9e\" \/>\n\t<meta name=\"twitter:data1\" content=\"1 minute\" \/>\n<script type=\"application\/ld+json\" class=\"yoast-schema-graph\">{\"@context\":\"https:\/\/schema.org\",\"@graph\":[{\"@type\":\"Organization\",\"@id\":\"https:\/\/www.louxeirabv.com\/fr\/#organization\",\"name\":\"Louxeira BV\",\"url\":\"https:\/\/www.louxeirabv.com\/fr\/\",\"sameAs\":[\"https:\/\/www.facebook.com\/Louxeira-BV-112027697288444\"],\"logo\":{\"@type\":\"ImageObject\",\"@id\":\"https:\/\/www.louxeirabv.com\/fr\/#logo\",\"inLanguage\":\"fr-FR\",\"url\":\"https:\/\/www.louxeirabv.com\/fr\/wp-content\/uploads\/2020\/07\/louxeira-BV.png\",\"contentUrl\":\"https:\/\/www.louxeirabv.com\/fr\/wp-content\/uploads\/2020\/07\/louxeira-BV.png\",\"width\":295,\"height\":62,\"caption\":\"Louxeira BV\"},\"image\":{\"@id\":\"https:\/\/www.louxeirabv.com\/fr\/#logo\"}},{\"@type\":\"WebSite\",\"@id\":\"https:\/\/www.louxeirabv.com\/fr\/#website\",\"url\":\"https:\/\/www.louxeirabv.com\/fr\/\",\"name\":\"Louxeira BV. Ardoise naturelle.\",\"description\":\"Louxeira BV est une entreprise familiale d&eacute;di&eacute;e &agrave; l'extraction, la production et la commercialisation de l'ardoise naturelle.\",\"publisher\":{\"@id\":\"https:\/\/www.louxeirabv.com\/fr\/#organization\"},\"potentialAction\":[{\"@type\":\"SearchAction\",\"target\":{\"@type\":\"EntryPoint\",\"urlTemplate\":\"https:\/\/www.louxeirabv.com\/fr\/?s={search_term_string}\"},\"query-input\":\"required name=search_term_string\"}],\"inLanguage\":\"fr-FR\"},{\"@type\":\"WebPage\",\"@id\":\"https:\/\/www.louxeirabv.com\/fr\/ardoise-naturelle\/amenagement-paysager-et-ardoise-architecturale\/ardoise-p8\/#webpage\",\"url\":\"https:\/\/www.louxeirabv.com\/fr\/ardoise-naturelle\/amenagement-paysager-et-ardoise-architecturale\/ardoise-p8\/\",\"name\":\"Ardoise P8\",\"isPartOf\":{\"@id\":\"https:\/\/www.louxeirabv.com\/fr\/#website\"},\"datePublished\":\"2020-07-28T06:21:15+00:00\",\"dateModified\":\"2022-02-28T14:03:34+00:00\",\"description\":\"P8 es una pizarra natural no carbonatada de comprensi\u00f3n tect\u00f3nica extra\u00edda y elaborada en la provincia de Le\u00f3n(Espa\u00f1a)\",\"breadcrumb\":{\"@id\":\"https:\/\/www.louxeirabv.com\/fr\/ardoise-naturelle\/amenagement-paysager-et-ardoise-architecturale\/ardoise-p8\/#breadcrumb\"},\"inLanguage\":\"fr-FR\",\"potentialAction\":[{\"@type\":\"ReadAction\",\"target\":[\"https:\/\/www.louxeirabv.com\/fr\/ardoise-naturelle\/amenagement-paysager-et-ardoise-architecturale\/ardoise-p8\/\"]}]},{\"@type\":\"BreadcrumbList\",\"@id\":\"https:\/\/www.louxeirabv.com\/fr\/ardoise-naturelle\/amenagement-paysager-et-ardoise-architecturale\/ardoise-p8\/#breadcrumb\",\"itemListElement\":[{\"@type\":\"ListItem\",\"position\":1,\"name\":\"Portada\",\"item\":\"https:\/\/www.louxeirabv.com\/fr\/\"},{\"@type\":\"ListItem\",\"position\":2,\"name\":\"Ardoise naturelle\",\"item\":\"https:\/\/www.louxeirabv.com\/fr\/ardoise-naturelle\/\"},{\"@type\":\"ListItem\",\"position\":3,\"name\":\"Am\u00e9nagement paysager et ardoise architecturale\",\"item\":\"https:\/\/www.louxeirabv.com\/fr\/ardoise-naturelle\/amenagement-paysager-et-ardoise-architecturale\/\"},{\"@type\":\"ListItem\",\"position\":4,\"name\":\"Ardoise P8\"}]}]}<\/script>\n<!-- \/ Yoast SEO plugin. -->","yoast_head_json":{"title":"Ardoise P8","description":"P8 es una pizarra natural no carbonatada de comprensi\u00f3n tect\u00f3nica extra\u00edda y elaborada en la provincia de Le\u00f3n(Espa\u00f1a)","robots":{"index":"index","follow":"follow","max-snippet":"max-snippet:-1","max-image-preview":"max-image-preview:large","max-video-preview":"max-video-preview:-1"},"canonical":"https:\/\/www.louxeirabv.com\/fr\/ardoise-naturelle\/amenagement-paysager-et-ardoise-architecturale\/ardoise-p8\/","og_locale":"fr_FR","og_type":"article","og_title":"Ardoise P8","og_description":"P8 es una pizarra natural no carbonatada de comprensi\u00f3n tect\u00f3nica extra\u00edda y elaborada en la provincia de Le\u00f3n(Espa\u00f1a)","og_url":"https:\/\/www.louxeirabv.com\/fr\/ardoise-naturelle\/amenagement-paysager-et-ardoise-architecturale\/ardoise-p8\/","og_site_name":"Louxeira BV. Ardoise naturelle.","article_publisher":"https:\/\/www.facebook.com\/Louxeira-BV-112027697288444","article_modified_time":"2022-02-28T14:03:34+00:00","twitter_card":"summary_large_image","twitter_misc":{"Dur\u00e9e de lecture estim\u00e9e":"1 minute"},"schema":{"@context":"https:\/\/schema.org","@graph":[{"@type":"Organization","@id":"https:\/\/www.louxeirabv.com\/fr\/#organization","name":"Louxeira BV","url":"https:\/\/www.louxeirabv.com\/fr\/","sameAs":["https:\/\/www.facebook.com\/Louxeira-BV-112027697288444"],"logo":{"@type":"ImageObject","@id":"https:\/\/www.louxeirabv.com\/fr\/#logo","inLanguage":"fr-FR","url":"https:\/\/www.louxeirabv.com\/fr\/wp-content\/uploads\/2020\/07\/louxeira-BV.png","contentUrl":"https:\/\/www.louxeirabv.com\/fr\/wp-content\/uploads\/2020\/07\/louxeira-BV.png","width":295,"height":62,"caption":"Louxeira BV"},"image":{"@id":"https:\/\/www.louxeirabv.com\/fr\/#logo"}},{"@type":"WebSite","@id":"https:\/\/www.louxeirabv.com\/fr\/#website","url":"https:\/\/www.louxeirabv.com\/fr\/","name":"Louxeira BV. Ardoise naturelle.","description":"Louxeira BV est une entreprise familiale d&eacute;di&eacute;e &agrave; l'extraction, la production et la commercialisation de l'ardoise naturelle.","publisher":{"@id":"https:\/\/www.louxeirabv.com\/fr\/#organization"},"potentialAction":[{"@type":"SearchAction","target":{"@type":"EntryPoint","urlTemplate":"https:\/\/www.louxeirabv.com\/fr\/?s={search_term_string}"},"query-input":"required name=search_term_string"}],"inLanguage":"fr-FR"},{"@type":"WebPage","@id":"https:\/\/www.louxeirabv.com\/fr\/ardoise-naturelle\/amenagement-paysager-et-ardoise-architecturale\/ardoise-p8\/#webpage","url":"https:\/\/www.louxeirabv.com\/fr\/ardoise-naturelle\/amenagement-paysager-et-ardoise-architecturale\/ardoise-p8\/","name":"Ardoise P8","isPartOf":{"@id":"https:\/\/www.louxeirabv.com\/fr\/#website"},"datePublished":"2020-07-28T06:21:15+00:00","dateModified":"2022-02-28T14:03:34+00:00","description":"P8 es una pizarra natural no carbonatada de comprensi\u00f3n tect\u00f3nica extra\u00edda y elaborada en la provincia de Le\u00f3n(Espa\u00f1a)","breadcrumb":{"@id":"https:\/\/www.louxeirabv.com\/fr\/ardoise-naturelle\/amenagement-paysager-et-ardoise-architecturale\/ardoise-p8\/#breadcrumb"},"inLanguage":"fr-FR","potentialAction":[{"@type":"ReadAction","target":["https:\/\/www.louxeirabv.com\/fr\/ardoise-naturelle\/amenagement-paysager-et-ardoise-architecturale\/ardoise-p8\/"]}]},{"@type":"BreadcrumbList","@id":"https:\/\/www.louxeirabv.com\/fr\/ardoise-naturelle\/amenagement-paysager-et-ardoise-architecturale\/ardoise-p8\/#breadcrumb","itemListElement":[{"@type":"ListItem","position":1,"name":"Portada","item":"https:\/\/www.louxeirabv.com\/fr\/"},{"@type":"ListItem","position":2,"name":"Ardoise naturelle","item":"https:\/\/www.louxeirabv.com\/fr\/ardoise-naturelle\/"},{"@type":"ListItem","position":3,"name":"Am\u00e9nagement paysager et ardoise architecturale","item":"https:\/\/www.louxeirabv.com\/fr\/ardoise-naturelle\/amenagement-paysager-et-ardoise-architecturale\/"},{"@type":"ListItem","position":4,"name":"Ardoise P8"}]}]}},"_links":{"self":[{"href":"https:\/\/www.louxeirabv.com\/fr\/wp-json\/wp\/v2\/pages\/5633"}],"collection":[{"href":"https:\/\/www.louxeirabv.com\/fr\/wp-json\/wp\/v2\/pages"}],"about":[{"href":"https:\/\/www.louxeirabv.com\/fr\/wp-json\/wp\/v2\/types\/page"}],"author":[{"embeddable":true,"href":"https:\/\/www.louxeirabv.com\/fr\/wp-json\/wp\/v2\/users\/1"}],"replies":[{"embeddable":true,"href":"https:\/\/www.louxeirabv.com\/fr\/wp-json\/wp\/v2\/comments?post=5633"}],"version-history":[{"count":10,"href":"https:\/\/www.louxeirabv.com\/fr\/wp-json\/wp\/v2\/pages\/5633\/revisions"}],"predecessor-version":[{"id":6126,"href":"https:\/\/www.louxeirabv.com\/fr\/wp-json\/wp\/v2\/pages\/5633\/revisions\/6126"}],"up":[{"embeddable":true,"href":"https:\/\/www.louxeirabv.com\/fr\/wp-json\/wp\/v2\/pages\/5622"}],"wp:attachment":[{"href":"https:\/\/www.louxeirabv.com\/fr\/wp-json\/wp\/v2\/media?parent=5633"}],"curies":[{"name":"wp","href":"https:\/\/api.w.org\/{rel}","templated":true}]}}