{"id":5637,"date":"2020-07-28T06:26:12","date_gmt":"2020-07-28T06:26:12","guid":{"rendered":"https:\/\/www.louxeirabv.com\/fr\/?page_id=5637"},"modified":"2022-02-28T14:16:11","modified_gmt":"2022-02-28T14:16:11","slug":"pol-stone","status":"publish","type":"page","link":"https:\/\/www.louxeirabv.com\/fr\/ardoise-naturelle\/amenagement-paysager-et-ardoise-architecturale\/pol-stone\/","title":{"rendered":"Pol Stone"},"content":{"rendered":"<p>[vc_row column_spacing=\u00a0\u00bb0px\u00a0\u00bb content_placement=\u00a0\u00bbtop\u00a0\u00bb][vc_column width=\u00a0\u00bb2\/3&Prime; css=\u00a0\u00bb.vc_custom_1594986940477{margin: 0px !important;padding: 0px !important;border: 0px initial !important;}\u00a0\u00bb][vc_column_text]<\/p>\n<div id=\"containerIntro\">\n<h1 class=\"start\"><span style=\"color: #df8725;\">Pol Stone<\/span><\/h1>\n<p class=\"start\">C&rsquo;est une ardoise naturelle non carbonat\u00e9e de compr\u00e9hension tectonique extraite et \u00e9labor\u00e9e dans la province de Lugo (Galice- Espagne).<\/p>\n<\/div>\n<p>[\/vc_column_text][vc_empty_space][vc_column_text]<\/p>\n<div id=\"containerIntro\">\n<h2 class=\"start\"><span style=\"color: #df8725;\">La description:<\/span><\/h2>\n<p class=\"start\">Ardoise verte, homog\u00e8ne, laminations et grain fin et bonne planim\u00e9trie. C&rsquo;est une ardoise exclusive, id\u00e9ale pour \u00eatre utilis\u00e9e dans les conceptions architecturales les plus avant-gardistes.<\/p>\n<\/div>\n<p>[\/vc_column_text][vc_empty_space][vc_column_text]<\/p>\n<div id=\"containerIntro\">\n<h2 class=\"start\"><span style=\"color: #df8725;\">Produits disponibles:<\/span><\/h2>\n<p class=\"start\">Plaques d&rsquo;ardoise, bloc de ma\u00e7onnerie, plaques irr\u00e9guli\u00e8res\/plach\u00f3n<\/p>\n<\/div>\n<p>[\/vc_column_text][vc_empty_space][vc_column_text]<\/p>\n<div id=\"containerIntro\">\n<h2 class=\"start\"><span style=\"color: #df8725;\">Finitions disponibles:<\/span><\/h2>\n<p class=\"start\">Naturel, Dent\u00e9, Bross\u00e9, Bouchard\u00e9<\/p>\n<\/div>\n<p>[\/vc_column_text][vc_empty_space][vc_column_text]<\/p>\n<div id=\"containerIntro\">\n<h2 class=\"start\"><span style=\"color: #df8725;\">Espesores:<\/span><\/h2>\n<p class=\"start\">De 1cm \u00e0 10 cms<\/p>\n<\/div>\n<p>[\/vc_column_text][vc_empty_space][vc_column_text]<\/p>\n<div id=\"containerIntro\">\n<h2 class=\"start\"><span style=\"color: #df8725;\">Tailles:<\/span><\/h2>\n<p class=\"start\">de 20x20cms \u00e0 240&#215;150 cms<\/p>\n<\/div>\n<p>[\/vc_column_text][vc_empty_space][vc_column_text]<\/p>\n<div id=\"containerIntro\">\n<h2 class=\"start\"><span style=\"color: #df8725;\">Caract\u00e9ristiques techniques:<\/span><\/h2>\n<\/div>\n<p>[\/vc_column_text][vc_empty_space height=\u00a0\u00bb12px\u00a0\u00bb][vc_column_text]<strong>R\u00e9sistance moyenne \u00e0 la flexion:<\/strong> Longitudinal: 47,5 N\/mm<sup>2<\/sup> <strong>|<\/strong> Traverser: 41,2 N\/mm<sup>2<\/sup><br \/>\n<strong>Absorption de l&rsquo;eau:<\/strong> 0,43% W1<br \/>\n<strong>Carbonates non carbonat\u00e9:<\/strong> 0,2%<br \/>\n<strong>Cycle thermique:<\/strong> T1<br \/>\n<strong>Exposition au SO2:<\/strong> S1<br \/>\n<strong>R\u00e9action au feu:<\/strong> Oui<br \/>\n<strong>\u00c9mission de substances dangereuses:<\/strong> Non[\/vc_column_text][vc_empty_space][\/vc_column][vc_column width=\u00a0\u00bb1\/3&Prime;][vc_empty_space height=\u00a0\u00bb12px\u00a0\u00bb]<div class=\"logistix-carousel-box arrow-dark arrow-center bullet-square offsetcenter offset-v0\" data-auto=\"true\" data-loop=\"true\" data-gap=\"0\" data-column=\"1\" data-column2=\"1\" data-column3=\"1\">\r\n        <div class=\"owl-carousel owl-theme\"><div class=\"logistix-image-box clearfix text-center\" style=\"\">\r\n        <div class=\"item\">\r\n            <div class=\"inner \" style=\"\">\r\n                <div class=\"thumb\" style=\"\"><img width=\"373\" height=\"419\" src=\"https:\/\/www.louxeirabv.com\/fr\/wp-content\/uploads\/2020\/07\/pol-stone-1-1.jpg\" class=\"attachment-logistix-rectangle size-logistix-rectangle\" alt=\"\" loading=\"lazy\" srcset=\"https:\/\/www.louxeirabv.com\/fr\/wp-content\/uploads\/2020\/07\/pol-stone-1-1.jpg 373w, https:\/\/www.louxeirabv.com\/fr\/wp-content\/uploads\/2020\/07\/pol-stone-1-1-267x300.jpg 267w\" sizes=\"(max-width: 373px) 100vw, 373px\" \/><\/div>\r\n                <div class=\"text-wrap\" style=\"padding:0px;\">\r\n                        \r\n                <\/div>\r\n            <\/div>\r\n        <\/div>\r\n    <\/div><div class=\"logistix-image-box clearfix text-center\" style=\"\">\r\n        <div class=\"item\">\r\n            <div class=\"inner \" style=\"\">\r\n                <div class=\"thumb\" style=\"\"><img width=\"373\" height=\"419\" src=\"https:\/\/www.louxeirabv.com\/fr\/wp-content\/uploads\/2020\/07\/pol-stone-2-1.jpg\" class=\"attachment-logistix-rectangle size-logistix-rectangle\" alt=\"\" loading=\"lazy\" srcset=\"https:\/\/www.louxeirabv.com\/fr\/wp-content\/uploads\/2020\/07\/pol-stone-2-1.jpg 373w, https:\/\/www.louxeirabv.com\/fr\/wp-content\/uploads\/2020\/07\/pol-stone-2-1-267x300.jpg 267w\" sizes=\"(max-width: 373px) 100vw, 373px\" \/><\/div>\r\n                <div class=\"text-wrap\" style=\"padding:0px;\">\r\n                        \r\n                <\/div>\r\n            <\/div>\r\n        <\/div>\r\n    <\/div><div class=\"logistix-image-box clearfix text-center\" style=\"\">\r\n        <div class=\"item\">\r\n            <div class=\"inner \" style=\"\">\r\n                <div class=\"thumb\" style=\"\"><img width=\"373\" height=\"419\" src=\"https:\/\/www.louxeirabv.com\/fr\/wp-content\/uploads\/2020\/07\/pol-stone-3-1.jpg\" class=\"attachment-logistix-rectangle size-logistix-rectangle\" alt=\"\" loading=\"lazy\" srcset=\"https:\/\/www.louxeirabv.com\/fr\/wp-content\/uploads\/2020\/07\/pol-stone-3-1.jpg 373w, https:\/\/www.louxeirabv.com\/fr\/wp-content\/uploads\/2020\/07\/pol-stone-3-1-267x300.jpg 267w\" sizes=\"(max-width: 373px) 100vw, 373px\" \/><\/div>\r\n                <div class=\"text-wrap\" style=\"padding:0px;\">\r\n                        \r\n                <\/div>\r\n            <\/div>\r\n        <\/div>\r\n    <\/div><div class=\"logistix-image-box clearfix text-center\" style=\"\">\r\n        <div class=\"item\">\r\n            <div class=\"inner \" style=\"\">\r\n                <div class=\"thumb\" style=\"\"><img width=\"373\" height=\"419\" src=\"https:\/\/www.louxeirabv.com\/fr\/wp-content\/uploads\/2020\/07\/pol-stone-4-1.jpg\" class=\"attachment-logistix-rectangle size-logistix-rectangle\" alt=\"\" loading=\"lazy\" srcset=\"https:\/\/www.louxeirabv.com\/fr\/wp-content\/uploads\/2020\/07\/pol-stone-4-1.jpg 373w, https:\/\/www.louxeirabv.com\/fr\/wp-content\/uploads\/2020\/07\/pol-stone-4-1-267x300.jpg 267w\" sizes=\"(max-width: 373px) 100vw, 373px\" \/><\/div>\r\n                <div class=\"text-wrap\" style=\"padding:0px;\">\r\n                        \r\n                <\/div>\r\n            <\/div>\r\n        <\/div>\r\n    <\/div><div class=\"logistix-image-box clearfix text-center\" style=\"\">\r\n        <div class=\"item\">\r\n            <div class=\"inner \" style=\"\">\r\n                <div class=\"thumb\" style=\"\"><img width=\"373\" height=\"419\" src=\"https:\/\/www.louxeirabv.com\/fr\/wp-content\/uploads\/2020\/07\/pol-stone-6-1.jpg\" class=\"attachment-logistix-rectangle size-logistix-rectangle\" alt=\"\" loading=\"lazy\" srcset=\"https:\/\/www.louxeirabv.com\/fr\/wp-content\/uploads\/2020\/07\/pol-stone-6-1.jpg 373w, https:\/\/www.louxeirabv.com\/fr\/wp-content\/uploads\/2020\/07\/pol-stone-6-1-267x300.jpg 267w\" sizes=\"(max-width: 373px) 100vw, 373px\" \/><\/div>\r\n                <div class=\"text-wrap\" style=\"padding:0px;\">\r\n                        \r\n                <\/div>\r\n            <\/div>\r\n        <\/div>\r\n    <\/div><div class=\"logistix-image-box clearfix text-center\" style=\"\">\r\n        <div class=\"item\">\r\n            <div class=\"inner \" style=\"\">\r\n                <div class=\"thumb\" style=\"\"><img width=\"373\" height=\"419\" src=\"https:\/\/www.louxeirabv.com\/fr\/wp-content\/uploads\/2020\/07\/pol-stone-7.jpg\" class=\"attachment-logistix-rectangle size-logistix-rectangle\" alt=\"\" loading=\"lazy\" srcset=\"https:\/\/www.louxeirabv.com\/fr\/wp-content\/uploads\/2020\/07\/pol-stone-7.jpg 373w, https:\/\/www.louxeirabv.com\/fr\/wp-content\/uploads\/2020\/07\/pol-stone-7-267x300.jpg 267w\" sizes=\"(max-width: 373px) 100vw, 373px\" \/><\/div>\r\n                <div class=\"text-wrap\" style=\"padding:0px;\">\r\n                        \r\n                <\/div>\r\n            <\/div>\r\n        <\/div>\r\n    <\/div><div class=\"logistix-image-box clearfix text-center\" style=\"\">\r\n        <div class=\"item\">\r\n            <div class=\"inner \" style=\"\">\r\n                <div class=\"thumb\" style=\"\"><img width=\"373\" height=\"419\" src=\"https:\/\/www.louxeirabv.com\/fr\/wp-content\/uploads\/2020\/07\/pol-stone-8.jpg\" class=\"attachment-logistix-rectangle size-logistix-rectangle\" alt=\"\" loading=\"lazy\" srcset=\"https:\/\/www.louxeirabv.com\/fr\/wp-content\/uploads\/2020\/07\/pol-stone-8.jpg 373w, https:\/\/www.louxeirabv.com\/fr\/wp-content\/uploads\/2020\/07\/pol-stone-8-267x300.jpg 267w\" sizes=\"(max-width: 373px) 100vw, 373px\" \/><\/div>\r\n                <div class=\"text-wrap\" style=\"padding:0px;\">\r\n                        \r\n                <\/div>\r\n            <\/div>\r\n        <\/div>\r\n    <\/div><div class=\"logistix-image-box clearfix text-center\" style=\"\">\r\n        <div class=\"item\">\r\n            <div class=\"inner \" style=\"\">\r\n                <div class=\"thumb\" style=\"\"><img width=\"373\" height=\"419\" src=\"https:\/\/www.louxeirabv.com\/fr\/wp-content\/uploads\/2020\/07\/pol-stone-9.jpg\" class=\"attachment-logistix-rectangle size-logistix-rectangle\" alt=\"\" loading=\"lazy\" srcset=\"https:\/\/www.louxeirabv.com\/fr\/wp-content\/uploads\/2020\/07\/pol-stone-9.jpg 373w, https:\/\/www.louxeirabv.com\/fr\/wp-content\/uploads\/2020\/07\/pol-stone-9-267x300.jpg 267w\" sizes=\"(max-width: 373px) 100vw, 373px\" \/><\/div>\r\n                <div class=\"text-wrap\" style=\"padding:0px;\">\r\n                        \r\n                <\/div>\r\n            <\/div>\r\n        <\/div>\r\n    <\/div><div class=\"logistix-image-box clearfix text-center\" style=\"\">\r\n        <div class=\"item\">\r\n            <div class=\"inner \" style=\"\">\r\n                <div class=\"thumb\" style=\"\"><img width=\"373\" height=\"419\" src=\"https:\/\/www.louxeirabv.com\/fr\/wp-content\/uploads\/2020\/07\/pol-stone-10.jpg\" class=\"attachment-logistix-rectangle size-logistix-rectangle\" alt=\"\" loading=\"lazy\" srcset=\"https:\/\/www.louxeirabv.com\/fr\/wp-content\/uploads\/2020\/07\/pol-stone-10.jpg 373w, https:\/\/www.louxeirabv.com\/fr\/wp-content\/uploads\/2020\/07\/pol-stone-10-267x300.jpg 267w\" sizes=\"(max-width: 373px) 100vw, 373px\" \/><\/div>\r\n                <div class=\"text-wrap\" style=\"padding:0px;\">\r\n                        \r\n                <\/div>\r\n            <\/div>\r\n        <\/div>\r\n    <\/div><div class=\"logistix-image-box clearfix text-center\" style=\"\">\r\n        <div class=\"item\">\r\n            <div class=\"inner \" style=\"\">\r\n                <div class=\"thumb\" style=\"\"><img width=\"373\" height=\"419\" src=\"https:\/\/www.louxeirabv.com\/fr\/wp-content\/uploads\/2020\/07\/pol-stone-11.jpg\" class=\"attachment-logistix-rectangle size-logistix-rectangle\" alt=\"\" loading=\"lazy\" srcset=\"https:\/\/www.louxeirabv.com\/fr\/wp-content\/uploads\/2020\/07\/pol-stone-11.jpg 373w, https:\/\/www.louxeirabv.com\/fr\/wp-content\/uploads\/2020\/07\/pol-stone-11-267x300.jpg 267w\" sizes=\"(max-width: 373px) 100vw, 373px\" \/><\/div>\r\n                <div class=\"text-wrap\" style=\"padding:0px;\">\r\n                        \r\n                <\/div>\r\n            <\/div>\r\n        <\/div>\r\n    <\/div><div class=\"logistix-image-box clearfix text-center\" style=\"\">\r\n        <div class=\"item\">\r\n            <div class=\"inner \" style=\"\">\r\n                <div class=\"thumb\" style=\"\"><img width=\"373\" height=\"419\" src=\"https:\/\/www.louxeirabv.com\/fr\/wp-content\/uploads\/2020\/07\/pol-stone-12.jpg\" class=\"attachment-logistix-rectangle size-logistix-rectangle\" alt=\"\" loading=\"lazy\" srcset=\"https:\/\/www.louxeirabv.com\/fr\/wp-content\/uploads\/2020\/07\/pol-stone-12.jpg 373w, https:\/\/www.louxeirabv.com\/fr\/wp-content\/uploads\/2020\/07\/pol-stone-12-267x300.jpg 267w\" sizes=\"(max-width: 373px) 100vw, 373px\" \/><\/div>\r\n                <div class=\"text-wrap\" style=\"padding:0px;\">\r\n                        \r\n                <\/div>\r\n            <\/div>\r\n        <\/div>\r\n    <\/div>\n<\/div>\r\n\t<\/div><div class=\"button-wrap icon-right\" style=\"display:block; text-align:center;\"><a href=\"https:\/\/www.louxeirabv.com\/fr\/ardoise-naturelle\/amenagement-paysager-et-ardoise-architecturale\/\" target=\"_self\" class=\"logistix-button medium solid accent \" style=\"display:block; text-align:center;\">\r\n\t\t<span style=\"\">REVENIR <\/span>\r\n\t<\/a><\/div>[\/vc_column][\/vc_row][vc_row][vc_column css=\u00a0\u00bb.vc_custom_1594998188346{padding: 22px !important;background-color: #38454e !important;}\u00a0\u00bb][vc_raw_html]JTVCZm9ybWlkYWJsZSUyMGlkJTNEMiU1RA==[\/vc_raw_html][\/vc_column][\/vc_row]<\/p>\n","protected":false},"excerpt":{"rendered":"<p>[vc_row column_spacing=\u00a0\u00bb0px\u00a0\u00bb content_placement=\u00a0\u00bbtop\u00a0\u00bb][vc_column width=\u00a0\u00bb2\/3&Prime; css=\u00a0\u00bb.vc_custom_1594986940477{margin: 0px !important;padding: 0px !important;border: 0px initial !important;}\u00a0\u00bb][vc_column_text] Pol Stone C&rsquo;est une ardoise naturelle non carbonat\u00e9e de compr\u00e9hension tectonique extraite et \u00e9labor\u00e9e dans la province de Lugo (Galice- Espagne). [\/vc_column_text][vc_empty_space][vc_column_text] La description: Ardoise verte, homog\u00e8ne, laminations et grain fin et bonne planim\u00e9trie. C&rsquo;est une ardoise&hellip;<\/p>\n","protected":false},"author":1,"featured_media":0,"parent":5622,"menu_order":0,"comment_status":"closed","ping_status":"closed","template":"","meta":[],"yoast_head":"<!-- This site is optimized with the Yoast SEO plugin v18.2 - https:\/\/yoast.com\/wordpress\/plugins\/seo\/ -->\n<title>Pizarra Pol Stone<\/title>\n<meta name=\"description\" content=\"Pol Stone es una pizarra natural no carbonatada de comprensi\u00f3n tect\u00f3nica extra\u00edda y elaborada en la provincia de Lugo (Galicia- Espa\u00f1a)\" \/>\n<meta name=\"robots\" content=\"index, follow, max-snippet:-1, max-image-preview:large, max-video-preview:-1\" \/>\n<link rel=\"canonical\" href=\"https:\/\/www.louxeirabv.com\/fr\/ardoise-naturelle\/amenagement-paysager-et-ardoise-architecturale\/pol-stone\/\" \/>\n<meta property=\"og:locale\" content=\"fr_FR\" \/>\n<meta property=\"og:type\" content=\"article\" \/>\n<meta property=\"og:title\" content=\"Pizarra Pol Stone\" \/>\n<meta property=\"og:description\" content=\"Pol Stone es una pizarra natural no carbonatada de comprensi\u00f3n tect\u00f3nica extra\u00edda y elaborada en la provincia de Lugo (Galicia- Espa\u00f1a)\" \/>\n<meta property=\"og:url\" content=\"https:\/\/www.louxeirabv.com\/fr\/ardoise-naturelle\/amenagement-paysager-et-ardoise-architecturale\/pol-stone\/\" \/>\n<meta property=\"og:site_name\" content=\"Louxeira BV. Ardoise naturelle.\" \/>\n<meta property=\"article:publisher\" content=\"https:\/\/www.facebook.com\/Louxeira-BV-112027697288444\" \/>\n<meta property=\"article:modified_time\" content=\"2022-02-28T14:16:11+00:00\" \/>\n<meta name=\"twitter:card\" content=\"summary_large_image\" \/>\n<meta name=\"twitter:label1\" content=\"Dur\u00e9e de lecture estim\u00e9e\" \/>\n\t<meta name=\"twitter:data1\" content=\"2 minutes\" \/>\n<script type=\"application\/ld+json\" class=\"yoast-schema-graph\">{\"@context\":\"https:\/\/schema.org\",\"@graph\":[{\"@type\":\"Organization\",\"@id\":\"https:\/\/www.louxeirabv.com\/fr\/#organization\",\"name\":\"Louxeira BV\",\"url\":\"https:\/\/www.louxeirabv.com\/fr\/\",\"sameAs\":[\"https:\/\/www.facebook.com\/Louxeira-BV-112027697288444\"],\"logo\":{\"@type\":\"ImageObject\",\"@id\":\"https:\/\/www.louxeirabv.com\/fr\/#logo\",\"inLanguage\":\"fr-FR\",\"url\":\"https:\/\/www.louxeirabv.com\/fr\/wp-content\/uploads\/2020\/07\/louxeira-BV.png\",\"contentUrl\":\"https:\/\/www.louxeirabv.com\/fr\/wp-content\/uploads\/2020\/07\/louxeira-BV.png\",\"width\":295,\"height\":62,\"caption\":\"Louxeira BV\"},\"image\":{\"@id\":\"https:\/\/www.louxeirabv.com\/fr\/#logo\"}},{\"@type\":\"WebSite\",\"@id\":\"https:\/\/www.louxeirabv.com\/fr\/#website\",\"url\":\"https:\/\/www.louxeirabv.com\/fr\/\",\"name\":\"Louxeira BV. Ardoise naturelle.\",\"description\":\"Louxeira BV est une entreprise familiale d&eacute;di&eacute;e &agrave; l'extraction, la production et la commercialisation de l'ardoise naturelle.\",\"publisher\":{\"@id\":\"https:\/\/www.louxeirabv.com\/fr\/#organization\"},\"potentialAction\":[{\"@type\":\"SearchAction\",\"target\":{\"@type\":\"EntryPoint\",\"urlTemplate\":\"https:\/\/www.louxeirabv.com\/fr\/?s={search_term_string}\"},\"query-input\":\"required name=search_term_string\"}],\"inLanguage\":\"fr-FR\"},{\"@type\":\"WebPage\",\"@id\":\"https:\/\/www.louxeirabv.com\/fr\/ardoise-naturelle\/amenagement-paysager-et-ardoise-architecturale\/pol-stone\/#webpage\",\"url\":\"https:\/\/www.louxeirabv.com\/fr\/ardoise-naturelle\/amenagement-paysager-et-ardoise-architecturale\/pol-stone\/\",\"name\":\"Pizarra Pol Stone\",\"isPartOf\":{\"@id\":\"https:\/\/www.louxeirabv.com\/fr\/#website\"},\"datePublished\":\"2020-07-28T06:26:12+00:00\",\"dateModified\":\"2022-02-28T14:16:11+00:00\",\"description\":\"Pol Stone es una pizarra natural no carbonatada de comprensi\u00f3n tect\u00f3nica extra\u00edda y elaborada en la provincia de Lugo (Galicia- Espa\u00f1a)\",\"breadcrumb\":{\"@id\":\"https:\/\/www.louxeirabv.com\/fr\/ardoise-naturelle\/amenagement-paysager-et-ardoise-architecturale\/pol-stone\/#breadcrumb\"},\"inLanguage\":\"fr-FR\",\"potentialAction\":[{\"@type\":\"ReadAction\",\"target\":[\"https:\/\/www.louxeirabv.com\/fr\/ardoise-naturelle\/amenagement-paysager-et-ardoise-architecturale\/pol-stone\/\"]}]},{\"@type\":\"BreadcrumbList\",\"@id\":\"https:\/\/www.louxeirabv.com\/fr\/ardoise-naturelle\/amenagement-paysager-et-ardoise-architecturale\/pol-stone\/#breadcrumb\",\"itemListElement\":[{\"@type\":\"ListItem\",\"position\":1,\"name\":\"Portada\",\"item\":\"https:\/\/www.louxeirabv.com\/fr\/\"},{\"@type\":\"ListItem\",\"position\":2,\"name\":\"Ardoise naturelle\",\"item\":\"https:\/\/www.louxeirabv.com\/fr\/ardoise-naturelle\/\"},{\"@type\":\"ListItem\",\"position\":3,\"name\":\"Am\u00e9nagement paysager et ardoise architecturale\",\"item\":\"https:\/\/www.louxeirabv.com\/fr\/ardoise-naturelle\/amenagement-paysager-et-ardoise-architecturale\/\"},{\"@type\":\"ListItem\",\"position\":4,\"name\":\"Pol Stone\"}]}]}<\/script>\n<!-- \/ Yoast SEO plugin. -->","yoast_head_json":{"title":"Pizarra Pol Stone","description":"Pol Stone es una pizarra natural no carbonatada de comprensi\u00f3n tect\u00f3nica extra\u00edda y elaborada en la provincia de Lugo (Galicia- Espa\u00f1a)","robots":{"index":"index","follow":"follow","max-snippet":"max-snippet:-1","max-image-preview":"max-image-preview:large","max-video-preview":"max-video-preview:-1"},"canonical":"https:\/\/www.louxeirabv.com\/fr\/ardoise-naturelle\/amenagement-paysager-et-ardoise-architecturale\/pol-stone\/","og_locale":"fr_FR","og_type":"article","og_title":"Pizarra Pol Stone","og_description":"Pol Stone es una pizarra natural no carbonatada de comprensi\u00f3n tect\u00f3nica extra\u00edda y elaborada en la provincia de Lugo (Galicia- Espa\u00f1a)","og_url":"https:\/\/www.louxeirabv.com\/fr\/ardoise-naturelle\/amenagement-paysager-et-ardoise-architecturale\/pol-stone\/","og_site_name":"Louxeira BV. Ardoise naturelle.","article_publisher":"https:\/\/www.facebook.com\/Louxeira-BV-112027697288444","article_modified_time":"2022-02-28T14:16:11+00:00","twitter_card":"summary_large_image","twitter_misc":{"Dur\u00e9e de lecture estim\u00e9e":"2 minutes"},"schema":{"@context":"https:\/\/schema.org","@graph":[{"@type":"Organization","@id":"https:\/\/www.louxeirabv.com\/fr\/#organization","name":"Louxeira BV","url":"https:\/\/www.louxeirabv.com\/fr\/","sameAs":["https:\/\/www.facebook.com\/Louxeira-BV-112027697288444"],"logo":{"@type":"ImageObject","@id":"https:\/\/www.louxeirabv.com\/fr\/#logo","inLanguage":"fr-FR","url":"https:\/\/www.louxeirabv.com\/fr\/wp-content\/uploads\/2020\/07\/louxeira-BV.png","contentUrl":"https:\/\/www.louxeirabv.com\/fr\/wp-content\/uploads\/2020\/07\/louxeira-BV.png","width":295,"height":62,"caption":"Louxeira BV"},"image":{"@id":"https:\/\/www.louxeirabv.com\/fr\/#logo"}},{"@type":"WebSite","@id":"https:\/\/www.louxeirabv.com\/fr\/#website","url":"https:\/\/www.louxeirabv.com\/fr\/","name":"Louxeira BV. Ardoise naturelle.","description":"Louxeira BV est une entreprise familiale d&eacute;di&eacute;e &agrave; l'extraction, la production et la commercialisation de l'ardoise naturelle.","publisher":{"@id":"https:\/\/www.louxeirabv.com\/fr\/#organization"},"potentialAction":[{"@type":"SearchAction","target":{"@type":"EntryPoint","urlTemplate":"https:\/\/www.louxeirabv.com\/fr\/?s={search_term_string}"},"query-input":"required name=search_term_string"}],"inLanguage":"fr-FR"},{"@type":"WebPage","@id":"https:\/\/www.louxeirabv.com\/fr\/ardoise-naturelle\/amenagement-paysager-et-ardoise-architecturale\/pol-stone\/#webpage","url":"https:\/\/www.louxeirabv.com\/fr\/ardoise-naturelle\/amenagement-paysager-et-ardoise-architecturale\/pol-stone\/","name":"Pizarra Pol Stone","isPartOf":{"@id":"https:\/\/www.louxeirabv.com\/fr\/#website"},"datePublished":"2020-07-28T06:26:12+00:00","dateModified":"2022-02-28T14:16:11+00:00","description":"Pol Stone es una pizarra natural no carbonatada de comprensi\u00f3n tect\u00f3nica extra\u00edda y elaborada en la provincia de Lugo (Galicia- Espa\u00f1a)","breadcrumb":{"@id":"https:\/\/www.louxeirabv.com\/fr\/ardoise-naturelle\/amenagement-paysager-et-ardoise-architecturale\/pol-stone\/#breadcrumb"},"inLanguage":"fr-FR","potentialAction":[{"@type":"ReadAction","target":["https:\/\/www.louxeirabv.com\/fr\/ardoise-naturelle\/amenagement-paysager-et-ardoise-architecturale\/pol-stone\/"]}]},{"@type":"BreadcrumbList","@id":"https:\/\/www.louxeirabv.com\/fr\/ardoise-naturelle\/amenagement-paysager-et-ardoise-architecturale\/pol-stone\/#breadcrumb","itemListElement":[{"@type":"ListItem","position":1,"name":"Portada","item":"https:\/\/www.louxeirabv.com\/fr\/"},{"@type":"ListItem","position":2,"name":"Ardoise naturelle","item":"https:\/\/www.louxeirabv.com\/fr\/ardoise-naturelle\/"},{"@type":"ListItem","position":3,"name":"Am\u00e9nagement paysager et ardoise architecturale","item":"https:\/\/www.louxeirabv.com\/fr\/ardoise-naturelle\/amenagement-paysager-et-ardoise-architecturale\/"},{"@type":"ListItem","position":4,"name":"Pol Stone"}]}]}},"_links":{"self":[{"href":"https:\/\/www.louxeirabv.com\/fr\/wp-json\/wp\/v2\/pages\/5637"}],"collection":[{"href":"https:\/\/www.louxeirabv.com\/fr\/wp-json\/wp\/v2\/pages"}],"about":[{"href":"https:\/\/www.louxeirabv.com\/fr\/wp-json\/wp\/v2\/types\/page"}],"author":[{"embeddable":true,"href":"https:\/\/www.louxeirabv.com\/fr\/wp-json\/wp\/v2\/users\/1"}],"replies":[{"embeddable":true,"href":"https:\/\/www.louxeirabv.com\/fr\/wp-json\/wp\/v2\/comments?post=5637"}],"version-history":[{"count":11,"href":"https:\/\/www.louxeirabv.com\/fr\/wp-json\/wp\/v2\/pages\/5637\/revisions"}],"predecessor-version":[{"id":6128,"href":"https:\/\/www.louxeirabv.com\/fr\/wp-json\/wp\/v2\/pages\/5637\/revisions\/6128"}],"up":[{"embeddable":true,"href":"https:\/\/www.louxeirabv.com\/fr\/wp-json\/wp\/v2\/pages\/5622"}],"wp:attachment":[{"href":"https:\/\/www.louxeirabv.com\/fr\/wp-json\/wp\/v2\/media?parent=5637"}],"curies":[{"name":"wp","href":"https:\/\/api.w.org\/{rel}","templated":true}]}}