{"id":5714,"date":"2020-07-30T08:40:49","date_gmt":"2020-07-30T08:40:49","guid":{"rendered":"https:\/\/www.louxeirabv.com\/fr\/?page_id=5714"},"modified":"2022-03-01T14:42:01","modified_gmt":"2022-03-01T14:42:01","slug":"durabilite-de-lardoise","status":"publish","type":"page","link":"https:\/\/www.louxeirabv.com\/fr\/ardoise-naturelle\/avantages-de-lardoise\/durabilite-de-lardoise\/","title":{"rendered":"Durabilit\u00e9 de l&rsquo;ardoise"},"content":{"rendered":"<p>[vc_row css=\u00a0\u00bb.vc_custom_1597158437895{background-image: url(https:\/\/www.louxeirabv.com\/fr\/wp-content\/uploads\/2020\/08\/sostenible.jpg?id=5799) !important;background-position: center !important;background-repeat: no-repeat !important;background-size: cover !important;}\u00a0\u00bb][vc_column][vc_empty_space height=\u00a0\u00bb332px\u00a0\u00bb][\/vc_column][\/vc_row][vc_row][vc_column][vc_empty_space][vc_column_text]En tant que mat\u00e9riau de couverture, l&rsquo;ardoise est le produit le plus \u00e9cologique et le plus durable, avec un impact environnemental bien inf\u00e9rieur \u00e0 celui des produits alternatifs, comme le d\u00e9montrent plusieurs \u00e9tudes universitaires.[\/vc_column_text][vc_empty_space height=\u00a0\u00bb22px\u00a0\u00bb][vc_row_inner column_inner_spacing=\u00a0\u00bb70&Prime;][vc_column_inner width=\u00a0\u00bb1\/3&Prime;][vc_column_text]<\/p>\n<h5 style=\"text-align: center;\"><span>Consommation d&rsquo;eau<\/span><\/h5>\n<p>[\/vc_column_text][vc_line_chart legend=\u00a0\u00bb\u00a0\u00bb x_values=\u00a0\u00bbArdoise naturelle ; Fibre de ciment ; Zinc ; C\u00e9ramique\u00a0\u00bb values=\u00a0\u00bb%5B%7B%22y_values%22%3A%221%3B%2022%3B%20135%3B%202%22%2C%22color%22%3A%22green%22%7D%5D\u00a0\u00bb animation=\u00a0\u00bbeaseInOutQuint\u00a0\u00bb][\/vc_column_inner][vc_column_inner width=\u00a0\u00bb1\/3&Prime;][vc_column_text]<\/p>\n<h5 style=\"text-align: center;\"><span>Consommation d&rsquo;\u00e9nergie<\/span><\/h5>\n<p>[\/vc_column_text][vc_line_chart legend=\u00a0\u00bb\u00a0\u00bb x_values=\u00a0\u00bbArdoise naturelle ; Fibre de ciment ; Zinc ; C\u00e9ramique\u00a0\u00bb values=\u00a0\u00bb%5B%7B%22y_values%22%3A%221%3B%206%3B%204%3B%202%22%2C%22color%22%3A%22green%22%7D%5D\u00a0\u00bb animation=\u00a0\u00bbeaseOutQuart\u00a0\u00bb][\/vc_column_inner][vc_column_inner width=\u00a0\u00bb1\/3&Prime;][vc_column_text]<\/p>\n<h5 style=\"text-align: center;\"><span>La pollution atmosph\u00e9rique<\/span><\/h5>\n<p>[\/vc_column_text][vc_line_chart legend=\u00a0\u00bb\u00a0\u00bb x_values=\u00a0\u00bbArdoise naturelle ; Fibre de ciment ; Zinc ; C\u00e9ramique\u00a0\u00bb values=\u00a0\u00bb%5B%7B%22y_values%22%3A%221%3B%206%3B%204%3B%202%22%2C%22color%22%3A%22green%22%7D%5D\u00a0\u00bb animation=\u00a0\u00bbeaseInQuad\u00a0\u00bb][\/vc_column_inner][\/vc_row_inner][vc_column_text]<span style=\"color: #808080;\">*Graphiques comparatifs bas\u00e9s sur les informations publi\u00e9es en 2014 par la base de donn\u00e9es fran\u00e7aise <a href=\"https:\/\/www.inies.fr\/accueil\/\" target=\"_blank\" rel=\"noopener noreferrer\" style=\"color: #808080;\">INIES<\/a><\/span>[\/vc_column_text][\/vc_column][\/vc_row][vc_row][vc_column width=\u00a0\u00bb1\/2&Prime;][vc_empty_space][vc_single_image image=\u00a0\u00bb5976&Prime; alignment=\u00a0\u00bbcenter\u00a0\u00bb style=\u00a0\u00bbvc_box_shadow_border\u00a0\u00bb][vc_empty_space][\/vc_column][vc_column width=\u00a0\u00bb1\/2&Prime;][vc_empty_space][vc_custom_heading text=\u00a0\u00bbDurabilit\u00e9 de l&rsquo;ardoise\u00a0\u00bb font_container=\u00a0\u00bbtag:h2|font_size:40|text_align:left\u00a0\u00bb google_fonts=\u00a0\u00bbfont_family:Alegreya%3Aregular%2Citalic%2C700%2C700italic%2C900%2C900italic|font_style:400%20regular%3A400%3Anormal\u00a0\u00bb][vc_column_text]Au cours de son processus de production simple, aucun produit chimique n&rsquo;est utilis\u00e9, uniquement des moyens m\u00e9caniques. Ceci, ajout\u00e9 au fait qu&rsquo;il s&rsquo;agit d&rsquo;un produit 100% naturel, min\u00e9ral et inerte, fait de l&rsquo;ardoise une solution \u00e9cologique id\u00e9ale pour tout projet architectural.<\/p>\n<p>En tant qu&rsquo;entreprise \u00e9co-responsable, nous d\u00e9veloppons et mettons en \u0153uvre des politiques visant \u00e0 r\u00e9duire la consommation d&rsquo;\u00e9nergie et les \u00e9missions de CO2. Nous avons donc con\u00e7u un syst\u00e8me de gestion environnementale qui met en \u0153uvre des mesures telles que:<\/p>\n<ul>\n<li style=\"list-style-type: none;\">\n<ul>\n<li>Am\u00e9lioration continue et investissement dans les technologies les plus avanc\u00e9es qui nous permettent d&rsquo;avoir un processus de production plus efficace sur le plan \u00e9nerg\u00e9tique.<\/li>\n<li>Pendant le processus de transformation de l&rsquo;ardoise, il est n\u00e9cessaire d&rsquo;utiliser de l&rsquo;eau. Afin de r\u00e9duire et d&rsquo;optimiser sa consommation, nous avons cr\u00e9\u00e9 des circuits ferm\u00e9s qui permettent de la r\u00e9utiliser.<\/li>\n<li>R\u00e9cup\u00e9ration de la biodiversit\u00e9 et de l&rsquo;environnement o\u00f9 se trouvent nos centres d&rsquo;extraction en plantant des esp\u00e8ces d&rsquo;arbres indig\u00e8nes pour r\u00e9cup\u00e9rer les zones de carri\u00e8res o\u00f9 sont d\u00e9pos\u00e9s les r\u00e9sidus.<\/li>\n<li>Chez Louxeira BV, nous utilisons le transport maritime pour la plupart de nos exp\u00e9ditions d&rsquo;ardoise, conscients qu&rsquo;une part importante des \u00e9missions de CO2 est produite lors du transport de l&rsquo;ardoise.<\/li>\n<li>Optimisation des moyens de transport terrestre de nos \u00e9quipes de travail.<\/li>\n<\/ul>\n<\/li>\n<\/ul>\n<p>[\/vc_column_text][\/vc_column][\/vc_row][vc_row][vc_column]<div class=\"button-wrap icon-right\" style=\"display:block; text-align:center;\"><a href=\"https:\/\/www.louxeirabv.com\/fr\/ardoise-naturelle\/avantages-de-lardoise\/#sostenible\" target=\"_self\" class=\"logistix-button medium solid accent \" style=\"display:block; text-align:center;\">\r\n\t\t<span style=\"\">Revenir <\/span>\r\n\t<\/a><\/div>[vc_empty_space][\/vc_column][\/vc_row]<\/p>\n","protected":false},"excerpt":{"rendered":"<p>[vc_row css=\u00a0\u00bb.vc_custom_1597158437895{background-image: url(https:\/\/www.louxeirabv.com\/fr\/wp-content\/uploads\/2020\/08\/sostenible.jpg?id=5799) !important;background-position: center !important;background-repeat: no-repeat !important;background-size: cover !important;}\u00a0\u00bb][vc_column][vc_empty_space height=\u00a0\u00bb332px\u00a0\u00bb][\/vc_column][\/vc_row][vc_row][vc_column][vc_empty_space][vc_column_text]En tant que mat\u00e9riau de couverture, l&rsquo;ardoise est le produit le plus \u00e9cologique et le plus durable, avec un impact environnemental bien inf\u00e9rieur \u00e0 celui des produits alternatifs, comme le d\u00e9montrent plusieurs \u00e9tudes universitaires.[\/vc_column_text][vc_empty_space height=\u00a0\u00bb22px\u00a0\u00bb][vc_row_inner column_inner_spacing=\u00a0\u00bb70&Prime;][vc_column_inner width=\u00a0\u00bb1\/3&Prime;][vc_column_text] Consommation d&rsquo;eau&hellip;<\/p>\n","protected":false},"author":1,"featured_media":0,"parent":5127,"menu_order":0,"comment_status":"closed","ping_status":"closed","template":"","meta":[],"yoast_head":"<!-- This site is optimized with the Yoast SEO plugin v18.2 - https:\/\/yoast.com\/wordpress\/plugins\/seo\/ -->\n<title>Durabilit\u00e9 de l&#039;ardoise - Louxeira BV. Ardoise naturelle.<\/title>\n<meta name=\"robots\" content=\"index, follow, max-snippet:-1, max-image-preview:large, max-video-preview:-1\" \/>\n<link rel=\"canonical\" href=\"https:\/\/www.louxeirabv.com\/fr\/ardoise-naturelle\/avantages-de-lardoise\/durabilite-de-lardoise\/\" \/>\n<meta property=\"og:locale\" content=\"fr_FR\" \/>\n<meta property=\"og:type\" content=\"article\" \/>\n<meta property=\"og:title\" content=\"Durabilit\u00e9 de l&#039;ardoise - Louxeira BV. Ardoise naturelle.\" \/>\n<meta property=\"og:description\" content=\"[vc_row css=\u00a0\u00bb.vc_custom_1597158437895{background-image: url(https:\/\/www.louxeirabv.com\/fr\/wp-content\/uploads\/2020\/08\/sostenible.jpg?id=5799) !important;background-position: center !important;background-repeat: no-repeat !important;background-size: cover !important;}\u00a0\u00bb][vc_column][vc_empty_space height=\u00a0\u00bb332px\u00a0\u00bb][\/vc_column][\/vc_row][vc_row][vc_column][vc_empty_space][vc_column_text]En tant que mat\u00e9riau de couverture, l&rsquo;ardoise est le produit le plus \u00e9cologique et le plus durable, avec un impact environnemental bien inf\u00e9rieur \u00e0 celui des produits alternatifs, comme le d\u00e9montrent plusieurs \u00e9tudes universitaires.[\/vc_column_text][vc_empty_space height=\u00a0\u00bb22px\u00a0\u00bb][vc_row_inner column_inner_spacing=\u00a0\u00bb70&Prime;][vc_column_inner width=\u00a0\u00bb1\/3&Prime;][vc_column_text] Consommation d&rsquo;eau&hellip;\" \/>\n<meta property=\"og:url\" content=\"https:\/\/www.louxeirabv.com\/fr\/ardoise-naturelle\/avantages-de-lardoise\/durabilite-de-lardoise\/\" \/>\n<meta property=\"og:site_name\" content=\"Louxeira BV. Ardoise naturelle.\" \/>\n<meta property=\"article:publisher\" content=\"https:\/\/www.facebook.com\/Louxeira-BV-112027697288444\" \/>\n<meta property=\"article:modified_time\" content=\"2022-03-01T14:42:01+00:00\" \/>\n<meta name=\"twitter:card\" content=\"summary_large_image\" \/>\n<meta name=\"twitter:label1\" content=\"Dur\u00e9e de lecture estim\u00e9e\" \/>\n\t<meta name=\"twitter:data1\" content=\"2 minutes\" \/>\n<script type=\"application\/ld+json\" class=\"yoast-schema-graph\">{\"@context\":\"https:\/\/schema.org\",\"@graph\":[{\"@type\":\"Organization\",\"@id\":\"https:\/\/www.louxeirabv.com\/fr\/#organization\",\"name\":\"Louxeira BV\",\"url\":\"https:\/\/www.louxeirabv.com\/fr\/\",\"sameAs\":[\"https:\/\/www.facebook.com\/Louxeira-BV-112027697288444\"],\"logo\":{\"@type\":\"ImageObject\",\"@id\":\"https:\/\/www.louxeirabv.com\/fr\/#logo\",\"inLanguage\":\"fr-FR\",\"url\":\"https:\/\/www.louxeirabv.com\/fr\/wp-content\/uploads\/2020\/07\/louxeira-BV.png\",\"contentUrl\":\"https:\/\/www.louxeirabv.com\/fr\/wp-content\/uploads\/2020\/07\/louxeira-BV.png\",\"width\":295,\"height\":62,\"caption\":\"Louxeira BV\"},\"image\":{\"@id\":\"https:\/\/www.louxeirabv.com\/fr\/#logo\"}},{\"@type\":\"WebSite\",\"@id\":\"https:\/\/www.louxeirabv.com\/fr\/#website\",\"url\":\"https:\/\/www.louxeirabv.com\/fr\/\",\"name\":\"Louxeira BV. Ardoise naturelle.\",\"description\":\"Louxeira BV est une entreprise familiale d&eacute;di&eacute;e &agrave; l'extraction, la production et la commercialisation de l'ardoise naturelle.\",\"publisher\":{\"@id\":\"https:\/\/www.louxeirabv.com\/fr\/#organization\"},\"potentialAction\":[{\"@type\":\"SearchAction\",\"target\":{\"@type\":\"EntryPoint\",\"urlTemplate\":\"https:\/\/www.louxeirabv.com\/fr\/?s={search_term_string}\"},\"query-input\":\"required name=search_term_string\"}],\"inLanguage\":\"fr-FR\"},{\"@type\":\"WebPage\",\"@id\":\"https:\/\/www.louxeirabv.com\/fr\/ardoise-naturelle\/avantages-de-lardoise\/durabilite-de-lardoise\/#webpage\",\"url\":\"https:\/\/www.louxeirabv.com\/fr\/ardoise-naturelle\/avantages-de-lardoise\/durabilite-de-lardoise\/\",\"name\":\"Durabilit\u00e9 de l'ardoise - Louxeira BV. Ardoise naturelle.\",\"isPartOf\":{\"@id\":\"https:\/\/www.louxeirabv.com\/fr\/#website\"},\"datePublished\":\"2020-07-30T08:40:49+00:00\",\"dateModified\":\"2022-03-01T14:42:01+00:00\",\"breadcrumb\":{\"@id\":\"https:\/\/www.louxeirabv.com\/fr\/ardoise-naturelle\/avantages-de-lardoise\/durabilite-de-lardoise\/#breadcrumb\"},\"inLanguage\":\"fr-FR\",\"potentialAction\":[{\"@type\":\"ReadAction\",\"target\":[\"https:\/\/www.louxeirabv.com\/fr\/ardoise-naturelle\/avantages-de-lardoise\/durabilite-de-lardoise\/\"]}]},{\"@type\":\"BreadcrumbList\",\"@id\":\"https:\/\/www.louxeirabv.com\/fr\/ardoise-naturelle\/avantages-de-lardoise\/durabilite-de-lardoise\/#breadcrumb\",\"itemListElement\":[{\"@type\":\"ListItem\",\"position\":1,\"name\":\"Portada\",\"item\":\"https:\/\/www.louxeirabv.com\/fr\/\"},{\"@type\":\"ListItem\",\"position\":2,\"name\":\"Ardoise naturelle\",\"item\":\"https:\/\/www.louxeirabv.com\/fr\/ardoise-naturelle\/\"},{\"@type\":\"ListItem\",\"position\":3,\"name\":\"Avantages de l&rsquo;ardoise\",\"item\":\"https:\/\/www.louxeirabv.com\/fr\/ardoise-naturelle\/avantages-de-lardoise\/\"},{\"@type\":\"ListItem\",\"position\":4,\"name\":\"Durabilit\u00e9 de l&rsquo;ardoise\"}]}]}<\/script>\n<!-- \/ Yoast SEO plugin. -->","yoast_head_json":{"title":"Durabilit\u00e9 de l'ardoise - Louxeira BV. Ardoise naturelle.","robots":{"index":"index","follow":"follow","max-snippet":"max-snippet:-1","max-image-preview":"max-image-preview:large","max-video-preview":"max-video-preview:-1"},"canonical":"https:\/\/www.louxeirabv.com\/fr\/ardoise-naturelle\/avantages-de-lardoise\/durabilite-de-lardoise\/","og_locale":"fr_FR","og_type":"article","og_title":"Durabilit\u00e9 de l'ardoise - Louxeira BV. Ardoise naturelle.","og_description":"[vc_row css=\u00a0\u00bb.vc_custom_1597158437895{background-image: url(https:\/\/www.louxeirabv.com\/fr\/wp-content\/uploads\/2020\/08\/sostenible.jpg?id=5799) !important;background-position: center !important;background-repeat: no-repeat !important;background-size: cover !important;}\u00a0\u00bb][vc_column][vc_empty_space height=\u00a0\u00bb332px\u00a0\u00bb][\/vc_column][\/vc_row][vc_row][vc_column][vc_empty_space][vc_column_text]En tant que mat\u00e9riau de couverture, l&rsquo;ardoise est le produit le plus \u00e9cologique et le plus durable, avec un impact environnemental bien inf\u00e9rieur \u00e0 celui des produits alternatifs, comme le d\u00e9montrent plusieurs \u00e9tudes universitaires.[\/vc_column_text][vc_empty_space height=\u00a0\u00bb22px\u00a0\u00bb][vc_row_inner column_inner_spacing=\u00a0\u00bb70&Prime;][vc_column_inner width=\u00a0\u00bb1\/3&Prime;][vc_column_text] Consommation d&rsquo;eau&hellip;","og_url":"https:\/\/www.louxeirabv.com\/fr\/ardoise-naturelle\/avantages-de-lardoise\/durabilite-de-lardoise\/","og_site_name":"Louxeira BV. Ardoise naturelle.","article_publisher":"https:\/\/www.facebook.com\/Louxeira-BV-112027697288444","article_modified_time":"2022-03-01T14:42:01+00:00","twitter_card":"summary_large_image","twitter_misc":{"Dur\u00e9e de lecture estim\u00e9e":"2 minutes"},"schema":{"@context":"https:\/\/schema.org","@graph":[{"@type":"Organization","@id":"https:\/\/www.louxeirabv.com\/fr\/#organization","name":"Louxeira BV","url":"https:\/\/www.louxeirabv.com\/fr\/","sameAs":["https:\/\/www.facebook.com\/Louxeira-BV-112027697288444"],"logo":{"@type":"ImageObject","@id":"https:\/\/www.louxeirabv.com\/fr\/#logo","inLanguage":"fr-FR","url":"https:\/\/www.louxeirabv.com\/fr\/wp-content\/uploads\/2020\/07\/louxeira-BV.png","contentUrl":"https:\/\/www.louxeirabv.com\/fr\/wp-content\/uploads\/2020\/07\/louxeira-BV.png","width":295,"height":62,"caption":"Louxeira BV"},"image":{"@id":"https:\/\/www.louxeirabv.com\/fr\/#logo"}},{"@type":"WebSite","@id":"https:\/\/www.louxeirabv.com\/fr\/#website","url":"https:\/\/www.louxeirabv.com\/fr\/","name":"Louxeira BV. Ardoise naturelle.","description":"Louxeira BV est une entreprise familiale d&eacute;di&eacute;e &agrave; l'extraction, la production et la commercialisation de l'ardoise naturelle.","publisher":{"@id":"https:\/\/www.louxeirabv.com\/fr\/#organization"},"potentialAction":[{"@type":"SearchAction","target":{"@type":"EntryPoint","urlTemplate":"https:\/\/www.louxeirabv.com\/fr\/?s={search_term_string}"},"query-input":"required name=search_term_string"}],"inLanguage":"fr-FR"},{"@type":"WebPage","@id":"https:\/\/www.louxeirabv.com\/fr\/ardoise-naturelle\/avantages-de-lardoise\/durabilite-de-lardoise\/#webpage","url":"https:\/\/www.louxeirabv.com\/fr\/ardoise-naturelle\/avantages-de-lardoise\/durabilite-de-lardoise\/","name":"Durabilit\u00e9 de l'ardoise - Louxeira BV. Ardoise naturelle.","isPartOf":{"@id":"https:\/\/www.louxeirabv.com\/fr\/#website"},"datePublished":"2020-07-30T08:40:49+00:00","dateModified":"2022-03-01T14:42:01+00:00","breadcrumb":{"@id":"https:\/\/www.louxeirabv.com\/fr\/ardoise-naturelle\/avantages-de-lardoise\/durabilite-de-lardoise\/#breadcrumb"},"inLanguage":"fr-FR","potentialAction":[{"@type":"ReadAction","target":["https:\/\/www.louxeirabv.com\/fr\/ardoise-naturelle\/avantages-de-lardoise\/durabilite-de-lardoise\/"]}]},{"@type":"BreadcrumbList","@id":"https:\/\/www.louxeirabv.com\/fr\/ardoise-naturelle\/avantages-de-lardoise\/durabilite-de-lardoise\/#breadcrumb","itemListElement":[{"@type":"ListItem","position":1,"name":"Portada","item":"https:\/\/www.louxeirabv.com\/fr\/"},{"@type":"ListItem","position":2,"name":"Ardoise naturelle","item":"https:\/\/www.louxeirabv.com\/fr\/ardoise-naturelle\/"},{"@type":"ListItem","position":3,"name":"Avantages de l&rsquo;ardoise","item":"https:\/\/www.louxeirabv.com\/fr\/ardoise-naturelle\/avantages-de-lardoise\/"},{"@type":"ListItem","position":4,"name":"Durabilit\u00e9 de l&rsquo;ardoise"}]}]}},"_links":{"self":[{"href":"https:\/\/www.louxeirabv.com\/fr\/wp-json\/wp\/v2\/pages\/5714"}],"collection":[{"href":"https:\/\/www.louxeirabv.com\/fr\/wp-json\/wp\/v2\/pages"}],"about":[{"href":"https:\/\/www.louxeirabv.com\/fr\/wp-json\/wp\/v2\/types\/page"}],"author":[{"embeddable":true,"href":"https:\/\/www.louxeirabv.com\/fr\/wp-json\/wp\/v2\/users\/1"}],"replies":[{"embeddable":true,"href":"https:\/\/www.louxeirabv.com\/fr\/wp-json\/wp\/v2\/comments?post=5714"}],"version-history":[{"count":23,"href":"https:\/\/www.louxeirabv.com\/fr\/wp-json\/wp\/v2\/pages\/5714\/revisions"}],"predecessor-version":[{"id":6180,"href":"https:\/\/www.louxeirabv.com\/fr\/wp-json\/wp\/v2\/pages\/5714\/revisions\/6180"}],"up":[{"embeddable":true,"href":"https:\/\/www.louxeirabv.com\/fr\/wp-json\/wp\/v2\/pages\/5127"}],"wp:attachment":[{"href":"https:\/\/www.louxeirabv.com\/fr\/wp-json\/wp\/v2\/media?parent=5714"}],"curies":[{"name":"wp","href":"https:\/\/api.w.org\/{rel}","templated":true}]}}